{"id":2441,"date":"2023-10-16T10:45:58","date_gmt":"2023-10-16T10:45:58","guid":{"rendered":"https:\/\/casinowire.io\/privatlivs-og-cookiepolitik\/"},"modified":"2023-10-16T11:02:55","modified_gmt":"2023-10-16T11:02:55","slug":"privatlivs-og-cookiepolitik","status":"publish","type":"page","link":"https:\/\/casinowire.io\/da\/privatlivs-og-cookiepolitik\/","title":{"rendered":"Privatlivs- og cookiepolitik"},"content":{"rendered":"\n<p>Hos CasinoWire.io har vi stor respekt for vores brugeres privatliv. Vores privatlivs- og cookiepolitik beskriver de typer af personlige oplysninger, vi indsamler, hvorfor vi indsamler dem, og hvordan vi bruger dem. Ved at g\u00e5 ind p\u00e5 vores websted og bruge vores tjenester anerkender du og giver dit samtykke til denne politik.<\/p>\n\n<h3 class=\"wp-block-heading\"><strong>Indsamling og brug af oplysninger<\/strong><\/h3>\n\n<ul class=\"wp-block-list\">\n<li><strong>Automatisk indsamlede data:<\/strong> N\u00e5r du bes\u00f8ger CasinoWire.io, indsamles visse data som din IP-adresse, browsertype, operativsystem og de sider, du bes\u00f8ger, for at forbedre din brugeroplevelse og sikre, at hjemmesiden fungerer problemfrit.<\/li>\n\n\n\n<li><strong>Data leveret af brugeren:<\/strong> Hvis du deltager i specifikke aktiviteter p\u00e5 vores hjemmeside, s\u00e5som at abonnere p\u00e5 et nyhedsbrev eller efterlade en kommentar, kan du blive bedt om at give personlige oplysninger som dit navn, din e-mailadresse osv. Disse oplysninger bliver aldrig delt eller solgt til tredjeparter.<\/li>\n<\/ul>\n\n<h3 class=\"wp-block-heading\"><strong>Sm\u00e5kager<\/strong><\/h3>\n\n<ul class=\"wp-block-list\">\n<li><strong>Hvad er cookies?<\/strong>  Cookies er sm\u00e5 datafiler, der placeres p\u00e5 din enhed af websteder, du bes\u00f8ger. De hj\u00e6lper webstedet med at huske oplysninger om dit bes\u00f8g, f.eks. dit foretrukne sprog og andre indstillinger.<\/li>\n\n\n\n<li><strong>S\u00e5dan bruger vi cookies:<\/strong> Vi bruger cookies til at forst\u00e5 brugeradf\u00e6rd, forbedre vores hjemmeside og levere personaliseret indhold og annoncer baseret p\u00e5 din browserhistorik.<\/li>\n\n\n\n<li><strong>H\u00e5ndtering af cookies:<\/strong> Du har mulighed for at acceptere, afvise eller f\u00e5 besked, n\u00e5r et websted s\u00e6tter en cookie, ved at justere dine webbrowserindstillinger.<\/li>\n<\/ul>\n\n<h3 class=\"wp-block-heading\"><strong>Links og tjenester fra tredjeparter<\/strong><\/h3>\n\n<p>Vores hjemmeside kan indeholde links til tredjeparts hjemmesider. Hvis du v\u00e6lger at bes\u00f8ge disse sider, anbefaler vi, at du l\u00e6ser deres privatlivspolitik, da vi ikke har kontrol over deres handlinger.<\/p>\n\n<h3 class=\"wp-block-heading\"><strong>Sikkerhed<\/strong><\/h3>\n\n<p>At sikre fortroligheden og sikkerheden af dine personlige oplysninger er vores h\u00f8jeste prioritet. Vi anvender forskellige sikkerhedsforanstaltninger for at beskytte dine data, herunder sikre servere, firewalls og kryptering af finansielle data.<\/p>\n\n<h3 class=\"wp-block-heading\"><strong>B\u00f8rns privatliv<\/strong><\/h3>\n\n<p>CasinoWire.io er ikke beregnet til personer under 18 \u00e5r. Vi indsamler eller anmoder ikke bevidst om personlige oplysninger fra personer under 18 \u00e5r eller tillader bevidst s\u00e5danne personer at registrere sig. Hvis vi finder ud af, at vi har indsamlet personlige oplysninger fra et barn under 18 \u00e5r uden verifikation af for\u00e6ldrenes samtykke, vil vi straks slette disse oplysninger.<\/p>\n\n<h3 class=\"wp-block-heading\"><strong>Opdateringer til denne politik<\/strong><\/h3>\n\n<p>Fra tid til anden kan vi opdatere vores Privatlivs- og cookiepolitik. Eventuelle \u00e6ndringer vil blive afspejlet p\u00e5 denne side, og hvis de er v\u00e6sentlige, vil vi give en mere fremtr\u00e6dende meddelelse.<\/p>\n\n<h3 class=\"wp-block-heading\"><strong>Kontakt os<\/strong><\/h3>\n\n<p>Hvis du har sp\u00f8rgsm\u00e5l eller bekymringer om denne politik eller vores h\u00e5ndtering af dine personlige data, bedes du kontakte os via vores websteds dedikerede kontaktsektion.<\/p>\n","protected":false},"excerpt":{"rendered":"<p>Hos CasinoWire.io har vi stor respekt for vores brugeres privatliv. Vores privatlivs- og cookiepolitik beskriver de typer af personlige oplysninger, vi indsamler, hvorfor vi indsamler dem, og hvordan vi bruger dem. Ved at g\u00e5 ind p\u00e5 vores websted og bruge vores tjenester anerkender du og giver dit samtykke til denne politik. Indsamling og brug af [&hellip;]<\/p>\n","protected":false},"author":1,"featured_media":0,"parent":0,"menu_order":0,"comment_status":"closed","ping_status":"closed","template":"","meta":{"content-type":"","footnotes":""},"class_list":["post-2441","page","type-page","status-publish"],"yoast_head":"<!-- This site is optimized with the Yoast SEO plugin v23.0 - https:\/\/yoast.com\/wordpress\/plugins\/seo\/ -->\n<title>Privatlivs- og cookiepolitik - CasinoWire.io<\/title>\n<meta name=\"robots\" content=\"index, follow, max-snippet:-1, max-image-preview:large, max-video-preview:-1\" \/>\n<link rel=\"canonical\" href=\"https:\/\/casinowire.io\/da\/privatlivs-og-cookiepolitik\/\" \/>\n<meta property=\"og:locale\" content=\"da_DK\" \/>\n<meta property=\"og:type\" content=\"article\" \/>\n<meta property=\"og:title\" content=\"Privatlivs- og cookiepolitik - CasinoWire.io\" \/>\n<meta property=\"og:description\" content=\"Hos CasinoWire.io har vi stor respekt for vores brugeres privatliv. Vores privatlivs- og cookiepolitik beskriver de typer af personlige oplysninger, vi indsamler, hvorfor vi indsamler dem, og hvordan vi bruger dem. Ved at g\u00e5 ind p\u00e5 vores websted og bruge vores tjenester anerkender du og giver dit samtykke til denne politik. Indsamling og brug af [&hellip;]\" \/>\n<meta property=\"og:url\" content=\"https:\/\/casinowire.io\/da\/privatlivs-og-cookiepolitik\/\" \/>\n<meta property=\"og:site_name\" content=\"CasinoWire.io\" \/>\n<meta property=\"article:modified_time\" content=\"2023-10-16T11:02:55+00:00\" \/>\n<meta name=\"twitter:card\" content=\"summary_large_image\" \/>\n<meta name=\"twitter:label1\" content=\"Estimeret l\u00e6setid\" \/>\n\t<meta name=\"twitter:data1\" content=\"2 minutter\" \/>\n<script type=\"application\/ld+json\" class=\"yoast-schema-graph\">{\"@context\":\"https:\/\/schema.org\",\"@graph\":[{\"@type\":\"WebPage\",\"@id\":\"https:\/\/casinowire.io\/da\/privatlivs-og-cookiepolitik\/\",\"url\":\"https:\/\/casinowire.io\/da\/privatlivs-og-cookiepolitik\/\",\"name\":\"Privatlivs- og cookiepolitik - CasinoWire.io\",\"isPartOf\":{\"@id\":\"https:\/\/casinowire.io\/#website\"},\"datePublished\":\"2023-10-16T10:45:58+00:00\",\"dateModified\":\"2023-10-16T11:02:55+00:00\",\"breadcrumb\":{\"@id\":\"https:\/\/casinowire.io\/da\/privatlivs-og-cookiepolitik\/#breadcrumb\"},\"inLanguage\":\"da-DK\",\"potentialAction\":[{\"@type\":\"ReadAction\",\"target\":[\"https:\/\/casinowire.io\/da\/privatlivs-og-cookiepolitik\/\"]}]},{\"@type\":\"BreadcrumbList\",\"@id\":\"https:\/\/casinowire.io\/da\/privatlivs-og-cookiepolitik\/#breadcrumb\",\"itemListElement\":[{\"@type\":\"ListItem\",\"position\":1,\"name\":\"Home\",\"item\":\"https:\/\/casinowire.io\/da\/\"},{\"@type\":\"ListItem\",\"position\":2,\"name\":\"Privatlivs- og cookiepolitik\"}]},{\"@type\":\"WebSite\",\"@id\":\"https:\/\/casinowire.io\/#website\",\"url\":\"https:\/\/casinowire.io\/\",\"name\":\"CasinoWire.io\",\"description\":\"\",\"potentialAction\":[{\"@type\":\"SearchAction\",\"target\":{\"@type\":\"EntryPoint\",\"urlTemplate\":\"https:\/\/casinowire.io\/?s={search_term_string}\"},\"query-input\":\"required name=search_term_string\"}],\"inLanguage\":\"da-DK\"}]}<\/script>\n<!-- \/ Yoast SEO plugin. -->","yoast_head_json":{"title":"Privatlivs- og cookiepolitik - CasinoWire.io","robots":{"index":"index","follow":"follow","max-snippet":"max-snippet:-1","max-image-preview":"max-image-preview:large","max-video-preview":"max-video-preview:-1"},"canonical":"https:\/\/casinowire.io\/da\/privatlivs-og-cookiepolitik\/","og_locale":"da_DK","og_type":"article","og_title":"Privatlivs- og cookiepolitik - CasinoWire.io","og_description":"Hos CasinoWire.io har vi stor respekt for vores brugeres privatliv. Vores privatlivs- og cookiepolitik beskriver de typer af personlige oplysninger, vi indsamler, hvorfor vi indsamler dem, og hvordan vi bruger dem. Ved at g\u00e5 ind p\u00e5 vores websted og bruge vores tjenester anerkender du og giver dit samtykke til denne politik. Indsamling og brug af [&hellip;]","og_url":"https:\/\/casinowire.io\/da\/privatlivs-og-cookiepolitik\/","og_site_name":"CasinoWire.io","article_modified_time":"2023-10-16T11:02:55+00:00","twitter_card":"summary_large_image","twitter_misc":{"Estimeret l\u00e6setid":"2 minutter"},"schema":{"@context":"https:\/\/schema.org","@graph":[{"@type":"WebPage","@id":"https:\/\/casinowire.io\/da\/privatlivs-og-cookiepolitik\/","url":"https:\/\/casinowire.io\/da\/privatlivs-og-cookiepolitik\/","name":"Privatlivs- og cookiepolitik - CasinoWire.io","isPartOf":{"@id":"https:\/\/casinowire.io\/#website"},"datePublished":"2023-10-16T10:45:58+00:00","dateModified":"2023-10-16T11:02:55+00:00","breadcrumb":{"@id":"https:\/\/casinowire.io\/da\/privatlivs-og-cookiepolitik\/#breadcrumb"},"inLanguage":"da-DK","potentialAction":[{"@type":"ReadAction","target":["https:\/\/casinowire.io\/da\/privatlivs-og-cookiepolitik\/"]}]},{"@type":"BreadcrumbList","@id":"https:\/\/casinowire.io\/da\/privatlivs-og-cookiepolitik\/#breadcrumb","itemListElement":[{"@type":"ListItem","position":1,"name":"Home","item":"https:\/\/casinowire.io\/da\/"},{"@type":"ListItem","position":2,"name":"Privatlivs- og cookiepolitik"}]},{"@type":"WebSite","@id":"https:\/\/casinowire.io\/#website","url":"https:\/\/casinowire.io\/","name":"CasinoWire.io","description":"","potentialAction":[{"@type":"SearchAction","target":{"@type":"EntryPoint","urlTemplate":"https:\/\/casinowire.io\/?s={search_term_string}"},"query-input":"required name=search_term_string"}],"inLanguage":"da-DK"}]}},"_links":{"self":[{"href":"https:\/\/casinowire.io\/da\/wp-json\/wp\/v2\/pages\/2441","targetHints":{"allow":["GET"]}}],"collection":[{"href":"https:\/\/casinowire.io\/da\/wp-json\/wp\/v2\/pages"}],"about":[{"href":"https:\/\/casinowire.io\/da\/wp-json\/wp\/v2\/types\/page"}],"author":[{"embeddable":true,"href":"https:\/\/casinowire.io\/da\/wp-json\/wp\/v2\/users\/1"}],"replies":[{"embeddable":true,"href":"https:\/\/casinowire.io\/da\/wp-json\/wp\/v2\/comments?post=2441"}],"version-history":[{"count":1,"href":"https:\/\/casinowire.io\/da\/wp-json\/wp\/v2\/pages\/2441\/revisions"}],"predecessor-version":[{"id":2453,"href":"https:\/\/casinowire.io\/da\/wp-json\/wp\/v2\/pages\/2441\/revisions\/2453"}],"wp:attachment":[{"href":"https:\/\/casinowire.io\/da\/wp-json\/wp\/v2\/media?parent=2441"}],"curies":[{"name":"wp","href":"https:\/\/api.w.org\/{rel}","templated":true}]}}