{"id":2439,"date":"2023-10-16T10:45:25","date_gmt":"2023-10-16T10:45:25","guid":{"rendered":"https:\/\/casinowire.io\/ueber-uns\/"},"modified":"2023-10-16T11:02:54","modified_gmt":"2023-10-16T11:02:54","slug":"ueber-uns","status":"publish","type":"page","link":"https:\/\/casinowire.io\/de\/ueber-uns\/","title":{"rendered":"\u00dcber uns"},"content":{"rendered":"\n<p>Willkommen bei CasinoWire.io, Ihrer zuverl\u00e4ssigen Quelle f\u00fcr alles, was mit der dynamischen und sich st\u00e4ndig weiterentwickelnden Welt der Online-Casinos zu tun hat. Gegr\u00fcndet mit einer Leidenschaft f\u00fcr das Gl\u00fccksspiel und einer Verpflichtung zur Exzellenz, wollen wir die endg\u00fcltige Drehscheibe f\u00fcr Casino-Enthusiasten aller Ebenen sein, vom neugierigen Anf\u00e4nger bis zum erfahrenen High-Roller.<\/p>\n\n<h3 class=\"wp-block-heading\"><strong>Unsere Entstehungsgeschichte<\/strong><\/h3>\n\n<p>CasinoWire.io entstand aus der Liebe zum Nervenkitzel und zur Spannung, die nur ein Gl\u00fccksspiel bieten kann, und wurde gegr\u00fcndet, um eine Marktl\u00fccke zu schlie\u00dfen: zuverl\u00e4ssige, aktuelle und unvoreingenommene Informationen \u00fcber die Online-Casino-Branche. Angesichts der unz\u00e4hligen Plattformen, die t\u00e4glich entstehen, und der sich st\u00e4ndig weiterentwickelnden Vorschriften haben wir erkannt, dass die Spieler eine verl\u00e4ssliche Quelle brauchen, an die sie sich wenden k\u00f6nnen.<\/p>\n\n<h3 class=\"wp-block-heading\"><strong>Was wir anbieten<\/strong><\/h3>\n\n<p>Bei CasinoWire.io ist unser Angebot sehr umfangreich und deckt jeden Aspekt der Casino-Reise ab:<\/p>\n\n<ul class=\"wp-block-list\">\n<li><strong>Aufschlussreiche Bewertungen:<\/strong> Unser Expertenteam pr\u00fcft Online-Casinos sorgf\u00e4ltig und bietet umfassende Einblicke, damit Sie eine fundierte Entscheidung treffen k\u00f6nnen.<\/li>\n\n\n\n<li><strong>Spiel-Leitf\u00e4den:<\/strong> Ob Spielautomaten, Poker, Blackjack oder Roulette, unsere ausf\u00fchrlichen Anleitungen werden Ihre F\u00e4higkeiten verbessern und Ihr Verst\u00e4ndnis vertiefen.<\/li>\n\n\n\n<li><strong>Neueste Nachrichten:<\/strong> Bleiben Sie auf dem Laufenden \u00fcber die neuesten Entwicklungen, Spielver\u00f6ffentlichungen und regulatorischen \u00c4nderungen in der iGaming-Welt.<\/li>\n\n\n\n<li><strong>Bonus- und Promotionswarnungen:<\/strong> Informieren Sie sich aus erster Hand \u00fcber die lukrativsten Angebote und Promotionen der Top-Casinos.<\/li>\n<\/ul>\n\n<h3 class=\"wp-block-heading\"><strong>Unser Versprechen<\/strong><\/h3>\n\n<p>Genauigkeit, Integrit\u00e4t und Transparenz sind die Eckpfeiler von CasinoWire.io. Jede Information, jede Bewertung und jede Empfehlung ist sorgf\u00e4ltig kuratiert und gr\u00fcndlich recherchiert. Wir stellen unsere Nutzer in den Mittelpunkt und sorgen daf\u00fcr, dass unsere Inhalte nicht nur informieren, sondern auch bef\u00e4higen.<\/p>\n\n<h3 class=\"wp-block-heading\"><strong>F\u00f6rderung des verantwortungsvollen Spielens<\/strong><\/h3>\n\n<p>Als Verfechter des verantwortungsvollen Spielens setzen wir uns f\u00fcr ein sicheres und verantwortungsvolles Verhalten ein. Durch p\u00e4dagogische Inhalte und Ressourcen wollen wir sicherstellen, dass unsere Leser innerhalb ihrer Grenzen spielen und das Spielen als eine unterhaltsame Aktivit\u00e4t genie\u00dfen.<\/p>\n\n<h3 class=\"wp-block-heading\"><strong>Mit uns verbinden<\/strong><\/h3>\n\n<p>W\u00e4hrend wir weiter wachsen und uns entwickeln, laden wir Sie ein, an unserer Reise teilzuhaben. Diskutieren Sie mit uns, teilen Sie uns Ihr Feedback mit, und lassen Sie uns gemeinsam die Welt der Online-Casinos feiern.<\/p>\n","protected":false},"excerpt":{"rendered":"<p>Willkommen bei CasinoWire.io, Ihrer zuverl\u00e4ssigen Quelle f\u00fcr alles, was mit der dynamischen und sich st\u00e4ndig weiterentwickelnden Welt der Online-Casinos zu tun hat. Gegr\u00fcndet mit einer Leidenschaft f\u00fcr das Gl\u00fccksspiel und einer Verpflichtung zur Exzellenz, wollen wir die endg\u00fcltige Drehscheibe f\u00fcr Casino-Enthusiasten aller Ebenen sein, vom neugierigen Anf\u00e4nger bis zum erfahrenen High-Roller. Unsere Entstehungsgeschichte CasinoWire.io entstand [&hellip;]<\/p>\n","protected":false},"author":1,"featured_media":0,"parent":0,"menu_order":0,"comment_status":"closed","ping_status":"closed","template":"","meta":{"content-type":"","footnotes":""},"class_list":["post-2439","page","type-page","status-publish"],"yoast_head":"<!-- This site is optimized with the Yoast SEO plugin v23.0 - https:\/\/yoast.com\/wordpress\/plugins\/seo\/ -->\n<title>\u00dcber uns - CasinoWire.io<\/title>\n<meta name=\"robots\" content=\"index, follow, max-snippet:-1, max-image-preview:large, max-video-preview:-1\" \/>\n<link rel=\"canonical\" href=\"https:\/\/casinowire.io\/de\/ueber-uns\/\" \/>\n<meta property=\"og:locale\" content=\"de_DE\" \/>\n<meta property=\"og:type\" content=\"article\" \/>\n<meta property=\"og:title\" content=\"\u00dcber uns - CasinoWire.io\" \/>\n<meta property=\"og:description\" content=\"Willkommen bei CasinoWire.io, Ihrer zuverl\u00e4ssigen Quelle f\u00fcr alles, was mit der dynamischen und sich st\u00e4ndig weiterentwickelnden Welt der Online-Casinos zu tun hat. Gegr\u00fcndet mit einer Leidenschaft f\u00fcr das Gl\u00fccksspiel und einer Verpflichtung zur Exzellenz, wollen wir die endg\u00fcltige Drehscheibe f\u00fcr Casino-Enthusiasten aller Ebenen sein, vom neugierigen Anf\u00e4nger bis zum erfahrenen High-Roller. Unsere Entstehungsgeschichte CasinoWire.io entstand [&hellip;]\" \/>\n<meta property=\"og:url\" content=\"https:\/\/casinowire.io\/de\/ueber-uns\/\" \/>\n<meta property=\"og:site_name\" content=\"CasinoWire.io\" \/>\n<meta property=\"article:modified_time\" content=\"2023-10-16T11:02:54+00:00\" \/>\n<meta name=\"twitter:card\" content=\"summary_large_image\" \/>\n<meta name=\"twitter:label1\" content=\"Gesch\u00e4tzte Lesezeit\" \/>\n\t<meta name=\"twitter:data1\" content=\"2\u00a0Minuten\" \/>\n<script type=\"application\/ld+json\" class=\"yoast-schema-graph\">{\"@context\":\"https:\/\/schema.org\",\"@graph\":[{\"@type\":\"WebPage\",\"@id\":\"https:\/\/casinowire.io\/de\/ueber-uns\/\",\"url\":\"https:\/\/casinowire.io\/de\/ueber-uns\/\",\"name\":\"\u00dcber uns - CasinoWire.io\",\"isPartOf\":{\"@id\":\"https:\/\/casinowire.io\/#website\"},\"datePublished\":\"2023-10-16T10:45:25+00:00\",\"dateModified\":\"2023-10-16T11:02:54+00:00\",\"breadcrumb\":{\"@id\":\"https:\/\/casinowire.io\/de\/ueber-uns\/#breadcrumb\"},\"inLanguage\":\"de\",\"potentialAction\":[{\"@type\":\"ReadAction\",\"target\":[\"https:\/\/casinowire.io\/de\/ueber-uns\/\"]}]},{\"@type\":\"BreadcrumbList\",\"@id\":\"https:\/\/casinowire.io\/de\/ueber-uns\/#breadcrumb\",\"itemListElement\":[{\"@type\":\"ListItem\",\"position\":1,\"name\":\"Home\",\"item\":\"https:\/\/casinowire.io\/de\/\"},{\"@type\":\"ListItem\",\"position\":2,\"name\":\"\u00dcber uns\"}]},{\"@type\":\"WebSite\",\"@id\":\"https:\/\/casinowire.io\/#website\",\"url\":\"https:\/\/casinowire.io\/\",\"name\":\"CasinoWire.io\",\"description\":\"\",\"potentialAction\":[{\"@type\":\"SearchAction\",\"target\":{\"@type\":\"EntryPoint\",\"urlTemplate\":\"https:\/\/casinowire.io\/?s={search_term_string}\"},\"query-input\":\"required name=search_term_string\"}],\"inLanguage\":\"de\"}]}<\/script>\n<!-- \/ Yoast SEO plugin. -->","yoast_head_json":{"title":"\u00dcber uns - CasinoWire.io","robots":{"index":"index","follow":"follow","max-snippet":"max-snippet:-1","max-image-preview":"max-image-preview:large","max-video-preview":"max-video-preview:-1"},"canonical":"https:\/\/casinowire.io\/de\/ueber-uns\/","og_locale":"de_DE","og_type":"article","og_title":"\u00dcber uns - CasinoWire.io","og_description":"Willkommen bei CasinoWire.io, Ihrer zuverl\u00e4ssigen Quelle f\u00fcr alles, was mit der dynamischen und sich st\u00e4ndig weiterentwickelnden Welt der Online-Casinos zu tun hat. Gegr\u00fcndet mit einer Leidenschaft f\u00fcr das Gl\u00fccksspiel und einer Verpflichtung zur Exzellenz, wollen wir die endg\u00fcltige Drehscheibe f\u00fcr Casino-Enthusiasten aller Ebenen sein, vom neugierigen Anf\u00e4nger bis zum erfahrenen High-Roller. Unsere Entstehungsgeschichte CasinoWire.io entstand [&hellip;]","og_url":"https:\/\/casinowire.io\/de\/ueber-uns\/","og_site_name":"CasinoWire.io","article_modified_time":"2023-10-16T11:02:54+00:00","twitter_card":"summary_large_image","twitter_misc":{"Gesch\u00e4tzte Lesezeit":"2\u00a0Minuten"},"schema":{"@context":"https:\/\/schema.org","@graph":[{"@type":"WebPage","@id":"https:\/\/casinowire.io\/de\/ueber-uns\/","url":"https:\/\/casinowire.io\/de\/ueber-uns\/","name":"\u00dcber uns - CasinoWire.io","isPartOf":{"@id":"https:\/\/casinowire.io\/#website"},"datePublished":"2023-10-16T10:45:25+00:00","dateModified":"2023-10-16T11:02:54+00:00","breadcrumb":{"@id":"https:\/\/casinowire.io\/de\/ueber-uns\/#breadcrumb"},"inLanguage":"de","potentialAction":[{"@type":"ReadAction","target":["https:\/\/casinowire.io\/de\/ueber-uns\/"]}]},{"@type":"BreadcrumbList","@id":"https:\/\/casinowire.io\/de\/ueber-uns\/#breadcrumb","itemListElement":[{"@type":"ListItem","position":1,"name":"Home","item":"https:\/\/casinowire.io\/de\/"},{"@type":"ListItem","position":2,"name":"\u00dcber uns"}]},{"@type":"WebSite","@id":"https:\/\/casinowire.io\/#website","url":"https:\/\/casinowire.io\/","name":"CasinoWire.io","description":"","potentialAction":[{"@type":"SearchAction","target":{"@type":"EntryPoint","urlTemplate":"https:\/\/casinowire.io\/?s={search_term_string}"},"query-input":"required name=search_term_string"}],"inLanguage":"de"}]}},"_links":{"self":[{"href":"https:\/\/casinowire.io\/de\/wp-json\/wp\/v2\/pages\/2439","targetHints":{"allow":["GET"]}}],"collection":[{"href":"https:\/\/casinowire.io\/de\/wp-json\/wp\/v2\/pages"}],"about":[{"href":"https:\/\/casinowire.io\/de\/wp-json\/wp\/v2\/types\/page"}],"author":[{"embeddable":true,"href":"https:\/\/casinowire.io\/de\/wp-json\/wp\/v2\/users\/1"}],"replies":[{"embeddable":true,"href":"https:\/\/casinowire.io\/de\/wp-json\/wp\/v2\/comments?post=2439"}],"version-history":[{"count":1,"href":"https:\/\/casinowire.io\/de\/wp-json\/wp\/v2\/pages\/2439\/revisions"}],"predecessor-version":[{"id":2448,"href":"https:\/\/casinowire.io\/de\/wp-json\/wp\/v2\/pages\/2439\/revisions\/2448"}],"wp:attachment":[{"href":"https:\/\/casinowire.io\/de\/wp-json\/wp\/v2\/media?parent=2439"}],"curies":[{"name":"wp","href":"https:\/\/api.w.org\/{rel}","templated":true}]}}