{"id":2501,"date":"2023-10-16T10:45:58","date_gmt":"2023-10-16T10:45:58","guid":{"rendered":"https:\/\/casinowire.io\/datenschutz-cookie-richtlinie\/"},"modified":"2023-10-16T11:02:59","modified_gmt":"2023-10-16T11:02:59","slug":"datenschutz-cookie-richtlinie","status":"publish","type":"page","link":"https:\/\/casinowire.io\/de\/datenschutz-cookie-richtlinie\/","title":{"rendered":"Datenschutz &amp; Cookie-Richtlinie"},"content":{"rendered":"\n<p>Bei CasinoWire.io respektieren wir die Privatsph\u00e4re unserer Benutzer. In unserer Datenschutz- und Cookie-Richtlinie erfahren Sie, welche Arten von personenbezogenen Daten wir sammeln, warum wir sie sammeln und wie wir sie verwenden. Indem Sie auf unsere Website zugreifen und unsere Dienste in Anspruch nehmen, erkl\u00e4ren Sie, dass Sie diese Politik anerkennen und ihr zustimmen.<\/p>\n\n<h3 class=\"wp-block-heading\"><strong>Sammlung und Verwendung von Informationen<\/strong><\/h3>\n\n<ul class=\"wp-block-list\">\n<li><strong>Automatisch gesammelte Daten:<\/strong> Wenn Sie CasinoWire.io besuchen, werden bestimmte Daten wie Ihre IP-Adresse, Ihr Browsertyp, Ihr Betriebssystem und die von Ihnen besuchten Seiten erfasst, um Ihr Benutzererlebnis zu verbessern und die reibungslose Funktionalit\u00e4t der Website zu gew\u00e4hrleisten.<\/li>\n\n\n\n<li><strong>Vom Benutzer bereitgestellte Daten:<\/strong> Wenn Sie sich an bestimmten Aktivit\u00e4ten auf unserer Website beteiligen, z. B. einen Newsletter abonnieren oder einen Kommentar hinterlassen, werden Sie m\u00f6glicherweise aufgefordert, pers\u00f6nliche Daten wie Ihren Namen, Ihre E-Mail-Adresse usw. anzugeben. Diese Informationen werden niemals an Dritte weitergegeben oder verkauft.<\/li>\n<\/ul>\n\n<h3 class=\"wp-block-heading\"><strong>Cookies<\/strong><\/h3>\n\n<ul class=\"wp-block-list\">\n<li><strong>Was sind Cookies?<\/strong>  Cookies sind kleine Datendateien, die von den von Ihnen besuchten Websites auf Ihrem Ger\u00e4t abgelegt werden. Sie helfen der Website, sich Informationen \u00fcber Ihren Besuch zu merken, wie Ihre bevorzugte Sprache und andere Einstellungen.<\/li>\n\n\n\n<li><strong>Wie wir Cookies verwenden:<\/strong> Wir verwenden Cookies, um das Nutzerverhalten zu verstehen, unsere Website zu verbessern und personalisierte Inhalte und Werbung auf der Grundlage Ihres Surfverhaltens bereitzustellen.<\/li>\n\n\n\n<li><strong>Verwaltung von Cookies:<\/strong> Sie haben die M\u00f6glichkeit, Cookies zu akzeptieren, abzulehnen oder benachrichtigt zu werden, wenn eine Website ein Cookie setzt, indem Sie die Einstellungen Ihres Webbrowsers anpassen.<\/li>\n<\/ul>\n\n<h3 class=\"wp-block-heading\"><strong>Links und Dienste von Drittanbietern<\/strong><\/h3>\n\n<p>Unsere Website kann Links zu Websites Dritter enthalten. Wenn Sie sich entscheiden, diese Websites zu besuchen, empfehlen wir Ihnen, deren Datenschutzrichtlinien zu lesen, da wir keine Kontrolle \u00fcber deren Handlungen haben.<\/p>\n\n<h3 class=\"wp-block-heading\"><strong>Sicherheit<\/strong><\/h3>\n\n<p>Die Gew\u00e4hrleistung der Vertraulichkeit und Sicherheit Ihrer pers\u00f6nlichen Daten hat f\u00fcr uns h\u00f6chste Priorit\u00e4t. Wir ergreifen verschiedene Sicherheitsma\u00dfnahmen zum Schutz Ihrer Daten, darunter sichere Server, Firewalls und die Verschl\u00fcsselung von Finanzdaten.<\/p>\n\n<h3 class=\"wp-block-heading\"><strong>Datenschutz f\u00fcr Kinder<\/strong><\/h3>\n\n<p>CasinoWire.io ist nicht f\u00fcr Personen unter 18 Jahren bestimmt. Wir sammeln nicht wissentlich pers\u00f6nliche Daten von Personen unter 18 Jahren und erlauben diesen Personen auch nicht, sich zu registrieren. Wenn wir erfahren, dass wir personenbezogene Daten von einem Kind unter 18 Jahren gesammelt haben, ohne dass die Zustimmung der Eltern vorliegt, werden wir diese Daten umgehend l\u00f6schen.<\/p>\n\n<h3 class=\"wp-block-heading\"><strong>Aktualisierungen dieser Richtlinie<\/strong><\/h3>\n\n<p>Von Zeit zu Zeit k\u00f6nnen wir unsere Datenschutz- und Cookie-Richtlinie aktualisieren. Alle \u00c4nderungen werden auf dieser Seite bekannt gegeben, und wenn es sich um wichtige \u00c4nderungen handelt, werden wir einen deutlicheren Hinweis geben.<\/p>\n\n<h3 class=\"wp-block-heading\"><strong>Kontaktieren Sie uns<\/strong><\/h3>\n\n<p>Wenn Sie Fragen oder Bedenken zu dieser Richtlinie oder zu unserem Umgang mit Ihren personenbezogenen Daten haben, wenden Sie sich bitte \u00fcber den entsprechenden Kontaktbereich auf unserer Website an uns.<\/p>\n","protected":false},"excerpt":{"rendered":"<p>Bei CasinoWire.io respektieren wir die Privatsph\u00e4re unserer Benutzer. In unserer Datenschutz- und Cookie-Richtlinie erfahren Sie, welche Arten von personenbezogenen Daten wir sammeln, warum wir sie sammeln und wie wir sie verwenden. Indem Sie auf unsere Website zugreifen und unsere Dienste in Anspruch nehmen, erkl\u00e4ren Sie, dass Sie diese Politik anerkennen und ihr zustimmen. Sammlung und [&hellip;]<\/p>\n","protected":false},"author":1,"featured_media":0,"parent":0,"menu_order":0,"comment_status":"closed","ping_status":"closed","template":"","meta":{"content-type":"","footnotes":""},"class_list":["post-2501","page","type-page","status-publish"],"yoast_head":"<!-- This site is optimized with the Yoast SEO plugin v23.0 - https:\/\/yoast.com\/wordpress\/plugins\/seo\/ -->\n<title>Datenschutz &amp; Cookie-Richtlinie - CasinoWire.io<\/title>\n<meta name=\"robots\" content=\"index, follow, max-snippet:-1, max-image-preview:large, max-video-preview:-1\" \/>\n<link rel=\"canonical\" href=\"https:\/\/casinowire.io\/de\/datenschutz-cookie-richtlinie\/\" \/>\n<meta property=\"og:locale\" content=\"de_DE\" \/>\n<meta property=\"og:type\" content=\"article\" \/>\n<meta property=\"og:title\" content=\"Datenschutz &amp; Cookie-Richtlinie - CasinoWire.io\" \/>\n<meta property=\"og:description\" content=\"Bei CasinoWire.io respektieren wir die Privatsph\u00e4re unserer Benutzer. In unserer Datenschutz- und Cookie-Richtlinie erfahren Sie, welche Arten von personenbezogenen Daten wir sammeln, warum wir sie sammeln und wie wir sie verwenden. Indem Sie auf unsere Website zugreifen und unsere Dienste in Anspruch nehmen, erkl\u00e4ren Sie, dass Sie diese Politik anerkennen und ihr zustimmen. Sammlung und [&hellip;]\" \/>\n<meta property=\"og:url\" content=\"https:\/\/casinowire.io\/de\/datenschutz-cookie-richtlinie\/\" \/>\n<meta property=\"og:site_name\" content=\"CasinoWire.io\" \/>\n<meta property=\"article:modified_time\" content=\"2023-10-16T11:02:59+00:00\" \/>\n<meta name=\"twitter:card\" content=\"summary_large_image\" \/>\n<meta name=\"twitter:label1\" content=\"Gesch\u00e4tzte Lesezeit\" \/>\n\t<meta name=\"twitter:data1\" content=\"2\u00a0Minuten\" \/>\n<script type=\"application\/ld+json\" class=\"yoast-schema-graph\">{\"@context\":\"https:\/\/schema.org\",\"@graph\":[{\"@type\":\"WebPage\",\"@id\":\"https:\/\/casinowire.io\/de\/datenschutz-cookie-richtlinie\/\",\"url\":\"https:\/\/casinowire.io\/de\/datenschutz-cookie-richtlinie\/\",\"name\":\"Datenschutz &amp; Cookie-Richtlinie - CasinoWire.io\",\"isPartOf\":{\"@id\":\"https:\/\/casinowire.io\/#website\"},\"datePublished\":\"2023-10-16T10:45:58+00:00\",\"dateModified\":\"2023-10-16T11:02:59+00:00\",\"breadcrumb\":{\"@id\":\"https:\/\/casinowire.io\/de\/datenschutz-cookie-richtlinie\/#breadcrumb\"},\"inLanguage\":\"de\",\"potentialAction\":[{\"@type\":\"ReadAction\",\"target\":[\"https:\/\/casinowire.io\/de\/datenschutz-cookie-richtlinie\/\"]}]},{\"@type\":\"BreadcrumbList\",\"@id\":\"https:\/\/casinowire.io\/de\/datenschutz-cookie-richtlinie\/#breadcrumb\",\"itemListElement\":[{\"@type\":\"ListItem\",\"position\":1,\"name\":\"Home\",\"item\":\"https:\/\/casinowire.io\/de\/\"},{\"@type\":\"ListItem\",\"position\":2,\"name\":\"Datenschutz &amp; Cookie-Richtlinie\"}]},{\"@type\":\"WebSite\",\"@id\":\"https:\/\/casinowire.io\/#website\",\"url\":\"https:\/\/casinowire.io\/\",\"name\":\"CasinoWire.io\",\"description\":\"\",\"potentialAction\":[{\"@type\":\"SearchAction\",\"target\":{\"@type\":\"EntryPoint\",\"urlTemplate\":\"https:\/\/casinowire.io\/?s={search_term_string}\"},\"query-input\":\"required name=search_term_string\"}],\"inLanguage\":\"de\"}]}<\/script>\n<!-- \/ Yoast SEO plugin. -->","yoast_head_json":{"title":"Datenschutz &amp; Cookie-Richtlinie - CasinoWire.io","robots":{"index":"index","follow":"follow","max-snippet":"max-snippet:-1","max-image-preview":"max-image-preview:large","max-video-preview":"max-video-preview:-1"},"canonical":"https:\/\/casinowire.io\/de\/datenschutz-cookie-richtlinie\/","og_locale":"de_DE","og_type":"article","og_title":"Datenschutz &amp; Cookie-Richtlinie - CasinoWire.io","og_description":"Bei CasinoWire.io respektieren wir die Privatsph\u00e4re unserer Benutzer. In unserer Datenschutz- und Cookie-Richtlinie erfahren Sie, welche Arten von personenbezogenen Daten wir sammeln, warum wir sie sammeln und wie wir sie verwenden. Indem Sie auf unsere Website zugreifen und unsere Dienste in Anspruch nehmen, erkl\u00e4ren Sie, dass Sie diese Politik anerkennen und ihr zustimmen. Sammlung und [&hellip;]","og_url":"https:\/\/casinowire.io\/de\/datenschutz-cookie-richtlinie\/","og_site_name":"CasinoWire.io","article_modified_time":"2023-10-16T11:02:59+00:00","twitter_card":"summary_large_image","twitter_misc":{"Gesch\u00e4tzte Lesezeit":"2\u00a0Minuten"},"schema":{"@context":"https:\/\/schema.org","@graph":[{"@type":"WebPage","@id":"https:\/\/casinowire.io\/de\/datenschutz-cookie-richtlinie\/","url":"https:\/\/casinowire.io\/de\/datenschutz-cookie-richtlinie\/","name":"Datenschutz &amp; Cookie-Richtlinie - CasinoWire.io","isPartOf":{"@id":"https:\/\/casinowire.io\/#website"},"datePublished":"2023-10-16T10:45:58+00:00","dateModified":"2023-10-16T11:02:59+00:00","breadcrumb":{"@id":"https:\/\/casinowire.io\/de\/datenschutz-cookie-richtlinie\/#breadcrumb"},"inLanguage":"de","potentialAction":[{"@type":"ReadAction","target":["https:\/\/casinowire.io\/de\/datenschutz-cookie-richtlinie\/"]}]},{"@type":"BreadcrumbList","@id":"https:\/\/casinowire.io\/de\/datenschutz-cookie-richtlinie\/#breadcrumb","itemListElement":[{"@type":"ListItem","position":1,"name":"Home","item":"https:\/\/casinowire.io\/de\/"},{"@type":"ListItem","position":2,"name":"Datenschutz &amp; Cookie-Richtlinie"}]},{"@type":"WebSite","@id":"https:\/\/casinowire.io\/#website","url":"https:\/\/casinowire.io\/","name":"CasinoWire.io","description":"","potentialAction":[{"@type":"SearchAction","target":{"@type":"EntryPoint","urlTemplate":"https:\/\/casinowire.io\/?s={search_term_string}"},"query-input":"required name=search_term_string"}],"inLanguage":"de"}]}},"_links":{"self":[{"href":"https:\/\/casinowire.io\/de\/wp-json\/wp\/v2\/pages\/2501","targetHints":{"allow":["GET"]}}],"collection":[{"href":"https:\/\/casinowire.io\/de\/wp-json\/wp\/v2\/pages"}],"about":[{"href":"https:\/\/casinowire.io\/de\/wp-json\/wp\/v2\/types\/page"}],"author":[{"embeddable":true,"href":"https:\/\/casinowire.io\/de\/wp-json\/wp\/v2\/users\/1"}],"replies":[{"embeddable":true,"href":"https:\/\/casinowire.io\/de\/wp-json\/wp\/v2\/comments?post=2501"}],"version-history":[{"count":1,"href":"https:\/\/casinowire.io\/de\/wp-json\/wp\/v2\/pages\/2501\/revisions"}],"predecessor-version":[{"id":2513,"href":"https:\/\/casinowire.io\/de\/wp-json\/wp\/v2\/pages\/2501\/revisions\/2513"}],"wp:attachment":[{"href":"https:\/\/casinowire.io\/de\/wp-json\/wp\/v2\/media?parent=2501"}],"curies":[{"name":"wp","href":"https:\/\/api.w.org\/{rel}","templated":true}]}}