{"id":2693,"date":"2021-11-04T11:45:08","date_gmt":"2021-11-04T11:45:08","guid":{"rendered":"https:\/\/casinowire.io\/kontakt\/"},"modified":"2023-10-16T11:04:36","modified_gmt":"2023-10-16T11:04:36","slug":"kontakt","status":"publish","type":"page","link":"https:\/\/casinowire.io\/de\/kontakt\/","title":{"rendered":"Kontakt"},"content":{"rendered":"\t\t<div data-elementor-type=\"wp-page\" data-elementor-id=\"2693\" class=\"elementor elementor-2693 elementor-1481\">\n\t\t\t\t\t\t<section class=\"elementor-section elementor-top-section elementor-element elementor-element-caffc90 elementor-section-boxed elementor-section-height-default elementor-section-height-default\" data-id=\"caffc90\" data-element_type=\"section\">\n\t\t\t\t\t\t<div class=\"elementor-container elementor-column-gap-custom\">\n\t\t\t\t\t<div class=\"elementor-column elementor-col-100 elementor-top-column elementor-element elementor-element-93fc17a\" data-id=\"93fc17a\" data-element_type=\"column\">\n\t\t\t<div class=\"elementor-widget-wrap elementor-element-populated\">\n\t\t\t\t\t\t<div class=\"elementor-element elementor-element-c186811 elementor-widget elementor-widget-foxiz-heading\" data-id=\"c186811\" data-element_type=\"widget\" data-widget_type=\"foxiz-heading.default\">\n\t\t\t\t<div class=\"elementor-widget-container\">\n\t\t\t<div id=\"uid_c186811\" class=\"block-h heading-layout-c10\"><div class=\"heading-inner\"><h3 class=\"heading-title\"><span>Get In Touch<\/span><\/h3><\/div><\/div>\t\t<\/div>\n\t\t\t\t<\/div>\n\t\t\t\t<div class=\"elementor-element elementor-element-25c3c22 elementor-widget elementor-widget-foxiz-heading\" data-id=\"25c3c22\" data-element_type=\"widget\" data-widget_type=\"foxiz-heading.default\">\n\t\t\t\t<div class=\"elementor-widget-container\">\n\t\t\t<div id=\"uid_25c3c22\" class=\"block-h heading-layout-c10\"><div class=\"heading-inner\"><h1 class=\"heading-title\"><span>Contact US<\/span><\/h1><\/div><\/div>\t\t<\/div>\n\t\t\t\t<\/div>\n\t\t\t\t\t<\/div>\n\t\t<\/div>\n\t\t\t\t\t<\/div>\n\t\t<\/section>\n\t\t\t\t<section class=\"elementor-section elementor-top-section elementor-element elementor-element-6ba5260 elementor-section-boxed elementor-section-height-default elementor-section-height-default\" data-id=\"6ba5260\" data-element_type=\"section\">\n\t\t\t\t\t\t<div class=\"elementor-container elementor-column-gap-custom\">\n\t\t\t\t\t<div class=\"elementor-column elementor-col-66 elementor-top-column elementor-element elementor-element-ffe814a\" data-id=\"ffe814a\" data-element_type=\"column\">\n\t\t\t<div class=\"elementor-widget-wrap elementor-element-populated\">\n\t\t\t\t\t\t<div class=\"elementor-element elementor-element-5399611 elementor-widget elementor-widget-html\" data-id=\"5399611\" data-element_type=\"widget\" data-widget_type=\"html.default\">\n\t\t\t\t<div class=\"elementor-widget-container\">\n\t\t\t<h3>Allgemeine Kundenbetreuung und technischer Support<\/h3>\n<p style=\"margin-top: 15px;font-size: 14px;font-style: italic\">Da wir uns um die Bed\u00fcrfnisse unserer Kunden k\u00fcmmern, k\u00f6nnen die Wartezeiten f\u00fcr E-Mails l\u00e4nger als gew\u00f6hnlich sein. Um Ihnen das bestm\u00f6gliche Kundenerlebnis zu bieten, m\u00f6chten wir Sie ermutigen, unsere Telefone zu nutzen. In den meisten F\u00e4llen ist dies die schnellste und einfachste Option.\n\n<\/p>\t\t<\/div>\n\t\t\t\t<\/div>\n\t\t\t\t<div class=\"elementor-element elementor-element-0f0ec49 elementor-widget elementor-widget-text-editor\" data-id=\"0f0ec49\" data-element_type=\"widget\" data-widget_type=\"text-editor.default\">\n\t\t\t\t<div class=\"elementor-widget-container\">\n\t\t\t<style>\/*! elementor - v3.22.0 - 26-06-2024 *\/\n.elementor-widget-text-editor.elementor-drop-cap-view-stacked .elementor-drop-cap{background-color:#69727d;color:#fff}.elementor-widget-text-editor.elementor-drop-cap-view-framed .elementor-drop-cap{color:#69727d;border:3px solid;background-color:transparent}.elementor-widget-text-editor:not(.elementor-drop-cap-view-default) .elementor-drop-cap{margin-top:8px}.elementor-widget-text-editor:not(.elementor-drop-cap-view-default) .elementor-drop-cap-letter{width:1em;height:1em}.elementor-widget-text-editor .elementor-drop-cap{float:left;text-align:center;line-height:1;font-size:50px}.elementor-widget-text-editor .elementor-drop-cap-letter{display:inline-block}<\/style>\t\t\t\t<p>[wpforms id=&#8220;2420&#8243;]<\/p>\n\t\t\t\t\t\t<\/div>\n\t\t\t\t<\/div>\n\t\t\t\t\t<\/div>\n\t\t<\/div>\n\t\t\t\t<div class=\"elementor-column elementor-col-33 elementor-top-column elementor-element elementor-element-75972dc\" data-id=\"75972dc\" data-element_type=\"column\">\n\t\t\t<div class=\"elementor-widget-wrap elementor-element-populated\">\n\t\t\t\t\t\t<div class=\"elementor-element elementor-element-d8ea50d elementor-widget elementor-widget-foxiz-heading\" data-id=\"d8ea50d\" data-element_type=\"widget\" data-widget_type=\"foxiz-heading.default\">\n\t\t\t\t<div class=\"elementor-widget-container\">\n\t\t\t<div id=\"uid_d8ea50d\" class=\"block-h heading-layout-1\"><div class=\"heading-inner\"><h3 class=\"heading-title\"><span>Find Us on Social<\/span><\/h3><\/div><\/div>\t\t<\/div>\n\t\t\t\t<\/div>\n\t\t\t\t<div class=\"elementor-element elementor-element-dac63df elementor-widget elementor-widget-wp-widget-widget-follower\" data-id=\"dac63df\" data-element_type=\"widget\" data-widget_type=\"wp-widget-widget-follower.default\">\n\t\t\t\t<div class=\"elementor-widget-container\">\n\t\t\t        <div class=\"socials-counter h6 is-style-15 is-gstyle-3 is-icon-color is-h-bg\">\r\n            <div class=\"social-follower effect-fadeout\">\r\n\r\n\t\t\t\t                    <div class=\"follower-el fb-follower\">\r\n                        <a target=\"_blank\" href=\"https:\/\/facebook.com\/envato\" class=\"facebook\" aria-label=\"Facebook\" rel=\"noopener nofollow\"><\/a>\r\n                        <span class=\"follower-inner\">\r\n                                <span class=\"fnicon\"><i class=\"rbi rbi-facebook\" aria-hidden=\"true\"><\/i><\/span>\r\n                                                                    <span class=\"fnlabel\">Facebook<\/span>\r\n                                    <span class=\"text-count\">Like<\/span>\r\n                                                            <\/span>\r\n                    <\/div>\r\n\t\t\t\t                    <div class=\"follower-el twitter-follower\">\r\n                        <a target=\"_blank\" href=\"https:\/\/twitter.com\/envato\" class=\"twitter\" aria-label=\"Twitter\" rel=\"noopener nofollow\"><\/a>\r\n                        <span class=\"follower-inner\">\r\n                                <span class=\"fnicon\"><i class=\"rbi rbi-twitter\" aria-hidden=\"true\"><\/i><\/span>\r\n                                                                    <span class=\"fnlabel\">Twitter<\/span>\r\n                                    <span class=\"text-count\">Follow<\/span>\r\n                                                            <\/span>\r\n                    <\/div>\r\n\t\t\t\t                    <div class=\"follower-el pinterest-follower\">\r\n                        <a target=\"_blank\" href=\"https:\/\/pinterest.com\/envato\" class=\"pinterest\" aria-label=\"Pinterest\" rel=\"noopener nofollow\"><\/a>\r\n                        <span class=\"follower-inner\">\r\n                                <span class=\"fnicon\"><i class=\"rbi rbi-pinterest\" aria-hidden=\"true\"><\/i><\/span>\r\n                                                                    <span class=\"fnlabel\">Pinterest<\/span>\r\n                                    <span class=\"text-count\">Pin<\/span>\r\n                                                            <\/span>\r\n                    <\/div>\r\n\t\t\t\t                    <div class=\"follower-el instagram-follower\">\r\n                        <a target=\"_blank\" href=\"https:\/\/instagram.com\/envato\" class=\"instagram\" aria-label=\"Instagram\" rel=\"noopener nofollow\"><\/a>\r\n                        <span class=\"follower-inner\">\r\n                                <span class=\"fnicon\"><i class=\"rbi rbi-instagram\" aria-hidden=\"true\"><\/i><\/span>\r\n                                                                            <span class=\"fnlabel\">Instagram<\/span>\r\n                                        <span class=\"text-count\">Follow<\/span>\r\n                                                                <\/span>\r\n                    <\/div>\r\n\t\t\t\t            <\/div>\r\n        <\/div>\r\n\t\t\t\t<\/div>\n\t\t\t\t<\/div>\n\t\t\t\t\t<\/div>\n\t\t<\/div>\n\t\t\t\t\t<\/div>\n\t\t<\/section>\n\t\t\t\t<\/div>\n\t\t","protected":false},"excerpt":{"rendered":"<p>Get In Touch Contact US Allgemeine Kundenbetreuung und technischer Support Da wir uns um die Bed\u00fcrfnisse unserer Kunden k\u00fcmmern, k\u00f6nnen die Wartezeiten f\u00fcr E-Mails l\u00e4nger als gew\u00f6hnlich sein. Um Ihnen das bestm\u00f6gliche Kundenerlebnis zu bieten, m\u00f6chten wir Sie ermutigen, unsere Telefone zu nutzen. In den meisten F\u00e4llen ist dies die schnellste und einfachste Option. [wpforms [&hellip;]<\/p>\n","protected":false},"author":1,"featured_media":0,"parent":0,"menu_order":0,"comment_status":"closed","ping_status":"closed","template":"","meta":{"content-type":"","footnotes":""},"class_list":["post-2693","page","type-page","status-publish"],"yoast_head":"<!-- This site is optimized with the Yoast SEO plugin v23.0 - https:\/\/yoast.com\/wordpress\/plugins\/seo\/ -->\n<title>Kontakt - CasinoWire.io<\/title>\n<meta name=\"robots\" content=\"index, follow, max-snippet:-1, max-image-preview:large, max-video-preview:-1\" \/>\n<link rel=\"canonical\" href=\"https:\/\/casinowire.io\/de\/kontakt\/\" \/>\n<meta property=\"og:locale\" content=\"de_DE\" \/>\n<meta property=\"og:type\" content=\"article\" \/>\n<meta property=\"og:title\" content=\"Kontakt - CasinoWire.io\" \/>\n<meta property=\"og:description\" content=\"Get In Touch Contact US Allgemeine Kundenbetreuung und technischer Support Da wir uns um die Bed\u00fcrfnisse unserer Kunden k\u00fcmmern, k\u00f6nnen die Wartezeiten f\u00fcr E-Mails l\u00e4nger als gew\u00f6hnlich sein. Um Ihnen das bestm\u00f6gliche Kundenerlebnis zu bieten, m\u00f6chten wir Sie ermutigen, unsere Telefone zu nutzen. In den meisten F\u00e4llen ist dies die schnellste und einfachste Option. [wpforms [&hellip;]\" \/>\n<meta property=\"og:url\" content=\"https:\/\/casinowire.io\/de\/kontakt\/\" \/>\n<meta property=\"og:site_name\" content=\"CasinoWire.io\" \/>\n<meta property=\"article:modified_time\" content=\"2023-10-16T11:04:36+00:00\" \/>\n<meta name=\"twitter:card\" content=\"summary_large_image\" \/>\n<script type=\"application\/ld+json\" class=\"yoast-schema-graph\">{\"@context\":\"https:\/\/schema.org\",\"@graph\":[{\"@type\":\"WebPage\",\"@id\":\"https:\/\/casinowire.io\/de\/kontakt\/\",\"url\":\"https:\/\/casinowire.io\/de\/kontakt\/\",\"name\":\"Kontakt - CasinoWire.io\",\"isPartOf\":{\"@id\":\"https:\/\/casinowire.io\/#website\"},\"datePublished\":\"2021-11-04T11:45:08+00:00\",\"dateModified\":\"2023-10-16T11:04:36+00:00\",\"breadcrumb\":{\"@id\":\"https:\/\/casinowire.io\/de\/kontakt\/#breadcrumb\"},\"inLanguage\":\"de\",\"potentialAction\":[{\"@type\":\"ReadAction\",\"target\":[\"https:\/\/casinowire.io\/de\/kontakt\/\"]}]},{\"@type\":\"BreadcrumbList\",\"@id\":\"https:\/\/casinowire.io\/de\/kontakt\/#breadcrumb\",\"itemListElement\":[{\"@type\":\"ListItem\",\"position\":1,\"name\":\"Home\",\"item\":\"https:\/\/casinowire.io\/de\/\"},{\"@type\":\"ListItem\",\"position\":2,\"name\":\"Kontakt\"}]},{\"@type\":\"WebSite\",\"@id\":\"https:\/\/casinowire.io\/#website\",\"url\":\"https:\/\/casinowire.io\/\",\"name\":\"CasinoWire.io\",\"description\":\"\",\"potentialAction\":[{\"@type\":\"SearchAction\",\"target\":{\"@type\":\"EntryPoint\",\"urlTemplate\":\"https:\/\/casinowire.io\/?s={search_term_string}\"},\"query-input\":\"required name=search_term_string\"}],\"inLanguage\":\"de\"}]}<\/script>\n<!-- \/ Yoast SEO plugin. -->","yoast_head_json":{"title":"Kontakt - CasinoWire.io","robots":{"index":"index","follow":"follow","max-snippet":"max-snippet:-1","max-image-preview":"max-image-preview:large","max-video-preview":"max-video-preview:-1"},"canonical":"https:\/\/casinowire.io\/de\/kontakt\/","og_locale":"de_DE","og_type":"article","og_title":"Kontakt - CasinoWire.io","og_description":"Get In Touch Contact US Allgemeine Kundenbetreuung und technischer Support Da wir uns um die Bed\u00fcrfnisse unserer Kunden k\u00fcmmern, k\u00f6nnen die Wartezeiten f\u00fcr E-Mails l\u00e4nger als gew\u00f6hnlich sein. Um Ihnen das bestm\u00f6gliche Kundenerlebnis zu bieten, m\u00f6chten wir Sie ermutigen, unsere Telefone zu nutzen. In den meisten F\u00e4llen ist dies die schnellste und einfachste Option. [wpforms [&hellip;]","og_url":"https:\/\/casinowire.io\/de\/kontakt\/","og_site_name":"CasinoWire.io","article_modified_time":"2023-10-16T11:04:36+00:00","twitter_card":"summary_large_image","schema":{"@context":"https:\/\/schema.org","@graph":[{"@type":"WebPage","@id":"https:\/\/casinowire.io\/de\/kontakt\/","url":"https:\/\/casinowire.io\/de\/kontakt\/","name":"Kontakt - CasinoWire.io","isPartOf":{"@id":"https:\/\/casinowire.io\/#website"},"datePublished":"2021-11-04T11:45:08+00:00","dateModified":"2023-10-16T11:04:36+00:00","breadcrumb":{"@id":"https:\/\/casinowire.io\/de\/kontakt\/#breadcrumb"},"inLanguage":"de","potentialAction":[{"@type":"ReadAction","target":["https:\/\/casinowire.io\/de\/kontakt\/"]}]},{"@type":"BreadcrumbList","@id":"https:\/\/casinowire.io\/de\/kontakt\/#breadcrumb","itemListElement":[{"@type":"ListItem","position":1,"name":"Home","item":"https:\/\/casinowire.io\/de\/"},{"@type":"ListItem","position":2,"name":"Kontakt"}]},{"@type":"WebSite","@id":"https:\/\/casinowire.io\/#website","url":"https:\/\/casinowire.io\/","name":"CasinoWire.io","description":"","potentialAction":[{"@type":"SearchAction","target":{"@type":"EntryPoint","urlTemplate":"https:\/\/casinowire.io\/?s={search_term_string}"},"query-input":"required name=search_term_string"}],"inLanguage":"de"}]}},"_links":{"self":[{"href":"https:\/\/casinowire.io\/de\/wp-json\/wp\/v2\/pages\/2693","targetHints":{"allow":["GET"]}}],"collection":[{"href":"https:\/\/casinowire.io\/de\/wp-json\/wp\/v2\/pages"}],"about":[{"href":"https:\/\/casinowire.io\/de\/wp-json\/wp\/v2\/types\/page"}],"author":[{"embeddable":true,"href":"https:\/\/casinowire.io\/de\/wp-json\/wp\/v2\/users\/1"}],"replies":[{"embeddable":true,"href":"https:\/\/casinowire.io\/de\/wp-json\/wp\/v2\/comments?post=2693"}],"version-history":[{"count":1,"href":"https:\/\/casinowire.io\/de\/wp-json\/wp\/v2\/pages\/2693\/revisions"}],"predecessor-version":[{"id":2702,"href":"https:\/\/casinowire.io\/de\/wp-json\/wp\/v2\/pages\/2693\/revisions\/2702"}],"wp:attachment":[{"href":"https:\/\/casinowire.io\/de\/wp-json\/wp\/v2\/media?parent=2693"}],"curies":[{"name":"wp","href":"https:\/\/api.w.org\/{rel}","templated":true}]}}