{"id":2483,"date":"2023-10-16T10:45:58","date_gmt":"2023-10-16T10:45:58","guid":{"rendered":"https:\/\/casinowire.io\/tietosuoja-ja-evastekaytanto\/"},"modified":"2023-10-16T11:02:58","modified_gmt":"2023-10-16T11:02:58","slug":"tietosuoja-ja-evastekaytanto","status":"publish","type":"page","link":"https:\/\/casinowire.io\/fi\/tietosuoja-ja-evastekaytanto\/","title":{"rendered":"Tietosuoja- ja ev\u00e4stek\u00e4yt\u00e4nt\u00f6"},"content":{"rendered":"\n<p>Me CasinoWire.io:lla kunnioitamme syv\u00e4sti k\u00e4ytt\u00e4jiemme yksityisyytt\u00e4. Tietosuoja- ja ev\u00e4stek\u00e4yt\u00e4nn\u00f6ss\u00e4mme kerrotaan yksityiskohtaisesti, millaisia henkil\u00f6tietoja ker\u00e4\u00e4mme, miksi ker\u00e4\u00e4mme niit\u00e4 ja miten k\u00e4yt\u00e4mme niit\u00e4. K\u00e4ym\u00e4ll\u00e4 sivustollamme ja k\u00e4ytt\u00e4m\u00e4ll\u00e4 palveluitamme osoitat hyv\u00e4ksyv\u00e4si t\u00e4m\u00e4n politiikan ja annat siihen suostumuksesi.<\/p>\n\n<h3 class=\"wp-block-heading\"><strong>Tietojen ker\u00e4\u00e4minen ja k\u00e4ytt\u00f6<\/strong><\/h3>\n\n<ul class=\"wp-block-list\">\n<li><strong>Automaattisesti ker\u00e4tyt tiedot:<\/strong> Kun vierailet CasinoWire.io-sivustolla, tiettyj\u00e4 tietoja, kuten IP-osoitteesi, selaimen tyyppi, k\u00e4ytt\u00f6j\u00e4rjestelm\u00e4 ja sivut, joilla vierailet, ker\u00e4t\u00e4\u00e4n k\u00e4ytt\u00e4j\u00e4kokemuksesi parantamiseksi ja verkkosivuston sujuvan toiminnan varmistamiseksi.<\/li>\n\n\n\n<li><strong>K\u00e4ytt\u00e4j\u00e4n toimittamat tiedot:<\/strong> Jos osallistut tiettyihin toimintoihin verkkosivustollamme, kuten uutiskirjeen tilaamiseen tai kommentin j\u00e4tt\u00e4miseen, sinua saatetaan pyyt\u00e4\u00e4 antamaan henkil\u00f6kohtaisia tietoja, kuten nimesi, s\u00e4hk\u00f6postiosoitteesi jne. N\u00e4it\u00e4 tietoja ei koskaan jaeta tai myyd\u00e4 kolmansille osapuolille.<\/li>\n<\/ul>\n\n<h3 class=\"wp-block-heading\"><strong>Ev\u00e4steet<\/strong><\/h3>\n\n<ul class=\"wp-block-list\">\n<li><strong>Mit\u00e4 ev\u00e4steet ovat?<\/strong>  Ev\u00e4steet ovat pieni\u00e4 tiedostoja, joita vierailemasi verkkosivustot asettavat laitteellesi. Ne auttavat sivustoa muistamaan tietoja vierailustasi, kuten haluamasi kielen ja muut asetukset.<\/li>\n\n\n\n<li><strong>Miten k\u00e4yt\u00e4mme ev\u00e4steit\u00e4:<\/strong> K\u00e4yt\u00e4mme ev\u00e4steit\u00e4 ymm\u00e4rt\u00e4\u00e4ksemme k\u00e4ytt\u00e4jien k\u00e4ytt\u00e4ytymist\u00e4, parantaaksemme verkkosivustoamme ja tarjotaksemme yksil\u00f6llist\u00e4 sis\u00e4lt\u00f6\u00e4 ja mainoksia selaushistoriasi perusteella.<\/li>\n\n\n\n<li><strong>Ev\u00e4steiden hallinta:<\/strong> Sinulla on mahdollisuus hyv\u00e4ksy\u00e4 tai hyl\u00e4t\u00e4 ev\u00e4steet tai saada ilmoitus, kun verkkosivusto asettaa ev\u00e4steen, s\u00e4\u00e4t\u00e4m\u00e4ll\u00e4 selaimesi asetuksia.<\/li>\n<\/ul>\n\n<h3 class=\"wp-block-heading\"><strong>Kolmansien osapuolten linkit ja palvelut<\/strong><\/h3>\n\n<p>Verkkosivustomme voi sis\u00e4lt\u00e4\u00e4 linkkej\u00e4 kolmansien osapuolten verkkosivustoille. Jos p\u00e4\u00e4t\u00e4t vierailla n\u00e4ill\u00e4 sivustoilla, suosittelemme tutustumaan niiden tietosuojak\u00e4yt\u00e4nt\u00f6ihin, sill\u00e4 emme voi valvoa niiden toimintaa.<\/p>\n\n<h3 class=\"wp-block-heading\"><strong>Turvallisuus<\/strong><\/h3>\n\n<p>Henkil\u00f6kohtaisten tietojesi luottamuksellisuuden ja turvallisuuden varmistaminen on ensisijainen tavoitteemme. K\u00e4yt\u00e4mme erilaisia turvatoimia tietojesi suojaamiseksi, mukaan lukien suojatut palvelimet, palomuurit ja taloudellisten tietojen salaus.<\/p>\n\n<h3 class=\"wp-block-heading\"><strong>Lasten yksityisyys<\/strong><\/h3>\n\n<p>CasinoWire.io ei ole tarkoitettu alle 18-vuotiaille. Emme tietoisesti ker\u00e4\u00e4 tai pyyd\u00e4 henkil\u00f6kohtaisia tietoja alle 18-vuotiailta henkil\u00f6ilt\u00e4 emmek\u00e4 tietoisesti salli t\u00e4llaisten henkil\u00f6iden rekister\u00f6itymist\u00e4. Jos saamme tiet\u00e4\u00e4, ett\u00e4 olemme ker\u00e4nneet henkil\u00f6tietoja alle 18-vuotiaalta lapselta ilman vanhempien suostumusta, poistamme kyseiset tiedot viipym\u00e4tt\u00e4.<\/p>\n\n<h3 class=\"wp-block-heading\"><strong>T\u00e4m\u00e4n politiikan p\u00e4ivitykset<\/strong><\/h3>\n\n<p>Saatamme ajoittain p\u00e4ivitt\u00e4\u00e4 tietosuoja- ja ev\u00e4stek\u00e4yt\u00e4nt\u00f6\u00e4mme. Kaikki tehdyt muutokset n\u00e4kyv\u00e4t t\u00e4ll\u00e4 sivulla, ja jos ne ovat merkitt\u00e4vi\u00e4, ilmoitamme niist\u00e4 n\u00e4kyv\u00e4mmin.<\/p>\n\n<h3 class=\"wp-block-heading\"><strong>Yhteydenotto meihin<\/strong><\/h3>\n\n<p>Jos sinulla on kysymyksi\u00e4 tai huolenaiheita t\u00e4st\u00e4 k\u00e4yt\u00e4nn\u00f6st\u00e4 tai henkil\u00f6tietojesi k\u00e4sittelyst\u00e4, ota meihin yhteytt\u00e4 verkkosivustomme yhteydenotto-osion kautta.<\/p>\n","protected":false},"excerpt":{"rendered":"<p>Me CasinoWire.io:lla kunnioitamme syv\u00e4sti k\u00e4ytt\u00e4jiemme yksityisyytt\u00e4. Tietosuoja- ja ev\u00e4stek\u00e4yt\u00e4nn\u00f6ss\u00e4mme kerrotaan yksityiskohtaisesti, millaisia henkil\u00f6tietoja ker\u00e4\u00e4mme, miksi ker\u00e4\u00e4mme niit\u00e4 ja miten k\u00e4yt\u00e4mme niit\u00e4. K\u00e4ym\u00e4ll\u00e4 sivustollamme ja k\u00e4ytt\u00e4m\u00e4ll\u00e4 palveluitamme osoitat hyv\u00e4ksyv\u00e4si t\u00e4m\u00e4n politiikan ja annat siihen suostumuksesi. Tietojen ker\u00e4\u00e4minen ja k\u00e4ytt\u00f6 Ev\u00e4steet Kolmansien osapuolten linkit ja palvelut Verkkosivustomme voi sis\u00e4lt\u00e4\u00e4 linkkej\u00e4 kolmansien osapuolten verkkosivustoille. Jos p\u00e4\u00e4t\u00e4t vierailla n\u00e4ill\u00e4 [&hellip;]<\/p>\n","protected":false},"author":1,"featured_media":0,"parent":0,"menu_order":0,"comment_status":"closed","ping_status":"closed","template":"","meta":{"content-type":"","footnotes":""},"class_list":["post-2483","page","type-page","status-publish"],"yoast_head":"<!-- This site is optimized with the Yoast SEO plugin v23.0 - https:\/\/yoast.com\/wordpress\/plugins\/seo\/ -->\n<title>Tietosuoja- ja ev\u00e4stek\u00e4yt\u00e4nt\u00f6 - CasinoWire.io<\/title>\n<meta name=\"robots\" content=\"index, follow, max-snippet:-1, max-image-preview:large, max-video-preview:-1\" \/>\n<link rel=\"canonical\" href=\"https:\/\/casinowire.io\/fi\/tietosuoja-ja-evastekaytanto\/\" \/>\n<meta property=\"og:locale\" content=\"fi_FI\" \/>\n<meta property=\"og:type\" content=\"article\" \/>\n<meta property=\"og:title\" content=\"Tietosuoja- ja ev\u00e4stek\u00e4yt\u00e4nt\u00f6 - CasinoWire.io\" \/>\n<meta property=\"og:description\" content=\"Me CasinoWire.io:lla kunnioitamme syv\u00e4sti k\u00e4ytt\u00e4jiemme yksityisyytt\u00e4. Tietosuoja- ja ev\u00e4stek\u00e4yt\u00e4nn\u00f6ss\u00e4mme kerrotaan yksityiskohtaisesti, millaisia henkil\u00f6tietoja ker\u00e4\u00e4mme, miksi ker\u00e4\u00e4mme niit\u00e4 ja miten k\u00e4yt\u00e4mme niit\u00e4. K\u00e4ym\u00e4ll\u00e4 sivustollamme ja k\u00e4ytt\u00e4m\u00e4ll\u00e4 palveluitamme osoitat hyv\u00e4ksyv\u00e4si t\u00e4m\u00e4n politiikan ja annat siihen suostumuksesi. Tietojen ker\u00e4\u00e4minen ja k\u00e4ytt\u00f6 Ev\u00e4steet Kolmansien osapuolten linkit ja palvelut Verkkosivustomme voi sis\u00e4lt\u00e4\u00e4 linkkej\u00e4 kolmansien osapuolten verkkosivustoille. Jos p\u00e4\u00e4t\u00e4t vierailla n\u00e4ill\u00e4 [&hellip;]\" \/>\n<meta property=\"og:url\" content=\"https:\/\/casinowire.io\/fi\/tietosuoja-ja-evastekaytanto\/\" \/>\n<meta property=\"og:site_name\" content=\"CasinoWire.io\" \/>\n<meta property=\"article:modified_time\" content=\"2023-10-16T11:02:58+00:00\" \/>\n<meta name=\"twitter:card\" content=\"summary_large_image\" \/>\n<meta name=\"twitter:label1\" content=\"Arvioitu lukuaika\" \/>\n\t<meta name=\"twitter:data1\" content=\"2 minuuttia\" \/>\n<script type=\"application\/ld+json\" class=\"yoast-schema-graph\">{\"@context\":\"https:\/\/schema.org\",\"@graph\":[{\"@type\":\"WebPage\",\"@id\":\"https:\/\/casinowire.io\/fi\/tietosuoja-ja-evastekaytanto\/\",\"url\":\"https:\/\/casinowire.io\/fi\/tietosuoja-ja-evastekaytanto\/\",\"name\":\"Tietosuoja- ja ev\u00e4stek\u00e4yt\u00e4nt\u00f6 - CasinoWire.io\",\"isPartOf\":{\"@id\":\"https:\/\/casinowire.io\/#website\"},\"datePublished\":\"2023-10-16T10:45:58+00:00\",\"dateModified\":\"2023-10-16T11:02:58+00:00\",\"breadcrumb\":{\"@id\":\"https:\/\/casinowire.io\/fi\/tietosuoja-ja-evastekaytanto\/#breadcrumb\"},\"inLanguage\":\"fi\",\"potentialAction\":[{\"@type\":\"ReadAction\",\"target\":[\"https:\/\/casinowire.io\/fi\/tietosuoja-ja-evastekaytanto\/\"]}]},{\"@type\":\"BreadcrumbList\",\"@id\":\"https:\/\/casinowire.io\/fi\/tietosuoja-ja-evastekaytanto\/#breadcrumb\",\"itemListElement\":[{\"@type\":\"ListItem\",\"position\":1,\"name\":\"Home\",\"item\":\"https:\/\/casinowire.io\/fi\/\"},{\"@type\":\"ListItem\",\"position\":2,\"name\":\"Tietosuoja- ja ev\u00e4stek\u00e4yt\u00e4nt\u00f6\"}]},{\"@type\":\"WebSite\",\"@id\":\"https:\/\/casinowire.io\/#website\",\"url\":\"https:\/\/casinowire.io\/\",\"name\":\"CasinoWire.io\",\"description\":\"\",\"potentialAction\":[{\"@type\":\"SearchAction\",\"target\":{\"@type\":\"EntryPoint\",\"urlTemplate\":\"https:\/\/casinowire.io\/?s={search_term_string}\"},\"query-input\":\"required name=search_term_string\"}],\"inLanguage\":\"fi\"}]}<\/script>\n<!-- \/ Yoast SEO plugin. -->","yoast_head_json":{"title":"Tietosuoja- ja ev\u00e4stek\u00e4yt\u00e4nt\u00f6 - CasinoWire.io","robots":{"index":"index","follow":"follow","max-snippet":"max-snippet:-1","max-image-preview":"max-image-preview:large","max-video-preview":"max-video-preview:-1"},"canonical":"https:\/\/casinowire.io\/fi\/tietosuoja-ja-evastekaytanto\/","og_locale":"fi_FI","og_type":"article","og_title":"Tietosuoja- ja ev\u00e4stek\u00e4yt\u00e4nt\u00f6 - CasinoWire.io","og_description":"Me CasinoWire.io:lla kunnioitamme syv\u00e4sti k\u00e4ytt\u00e4jiemme yksityisyytt\u00e4. Tietosuoja- ja ev\u00e4stek\u00e4yt\u00e4nn\u00f6ss\u00e4mme kerrotaan yksityiskohtaisesti, millaisia henkil\u00f6tietoja ker\u00e4\u00e4mme, miksi ker\u00e4\u00e4mme niit\u00e4 ja miten k\u00e4yt\u00e4mme niit\u00e4. K\u00e4ym\u00e4ll\u00e4 sivustollamme ja k\u00e4ytt\u00e4m\u00e4ll\u00e4 palveluitamme osoitat hyv\u00e4ksyv\u00e4si t\u00e4m\u00e4n politiikan ja annat siihen suostumuksesi. Tietojen ker\u00e4\u00e4minen ja k\u00e4ytt\u00f6 Ev\u00e4steet Kolmansien osapuolten linkit ja palvelut Verkkosivustomme voi sis\u00e4lt\u00e4\u00e4 linkkej\u00e4 kolmansien osapuolten verkkosivustoille. Jos p\u00e4\u00e4t\u00e4t vierailla n\u00e4ill\u00e4 [&hellip;]","og_url":"https:\/\/casinowire.io\/fi\/tietosuoja-ja-evastekaytanto\/","og_site_name":"CasinoWire.io","article_modified_time":"2023-10-16T11:02:58+00:00","twitter_card":"summary_large_image","twitter_misc":{"Arvioitu lukuaika":"2 minuuttia"},"schema":{"@context":"https:\/\/schema.org","@graph":[{"@type":"WebPage","@id":"https:\/\/casinowire.io\/fi\/tietosuoja-ja-evastekaytanto\/","url":"https:\/\/casinowire.io\/fi\/tietosuoja-ja-evastekaytanto\/","name":"Tietosuoja- ja ev\u00e4stek\u00e4yt\u00e4nt\u00f6 - CasinoWire.io","isPartOf":{"@id":"https:\/\/casinowire.io\/#website"},"datePublished":"2023-10-16T10:45:58+00:00","dateModified":"2023-10-16T11:02:58+00:00","breadcrumb":{"@id":"https:\/\/casinowire.io\/fi\/tietosuoja-ja-evastekaytanto\/#breadcrumb"},"inLanguage":"fi","potentialAction":[{"@type":"ReadAction","target":["https:\/\/casinowire.io\/fi\/tietosuoja-ja-evastekaytanto\/"]}]},{"@type":"BreadcrumbList","@id":"https:\/\/casinowire.io\/fi\/tietosuoja-ja-evastekaytanto\/#breadcrumb","itemListElement":[{"@type":"ListItem","position":1,"name":"Home","item":"https:\/\/casinowire.io\/fi\/"},{"@type":"ListItem","position":2,"name":"Tietosuoja- ja ev\u00e4stek\u00e4yt\u00e4nt\u00f6"}]},{"@type":"WebSite","@id":"https:\/\/casinowire.io\/#website","url":"https:\/\/casinowire.io\/","name":"CasinoWire.io","description":"","potentialAction":[{"@type":"SearchAction","target":{"@type":"EntryPoint","urlTemplate":"https:\/\/casinowire.io\/?s={search_term_string}"},"query-input":"required name=search_term_string"}],"inLanguage":"fi"}]}},"_links":{"self":[{"href":"https:\/\/casinowire.io\/fi\/wp-json\/wp\/v2\/pages\/2483","targetHints":{"allow":["GET"]}}],"collection":[{"href":"https:\/\/casinowire.io\/fi\/wp-json\/wp\/v2\/pages"}],"about":[{"href":"https:\/\/casinowire.io\/fi\/wp-json\/wp\/v2\/types\/page"}],"author":[{"embeddable":true,"href":"https:\/\/casinowire.io\/fi\/wp-json\/wp\/v2\/users\/1"}],"replies":[{"embeddable":true,"href":"https:\/\/casinowire.io\/fi\/wp-json\/wp\/v2\/comments?post=2483"}],"version-history":[{"count":1,"href":"https:\/\/casinowire.io\/fi\/wp-json\/wp\/v2\/pages\/2483\/revisions"}],"predecessor-version":[{"id":2492,"href":"https:\/\/casinowire.io\/fi\/wp-json\/wp\/v2\/pages\/2483\/revisions\/2492"}],"wp:attachment":[{"href":"https:\/\/casinowire.io\/fi\/wp-json\/wp\/v2\/media?parent=2483"}],"curies":[{"name":"wp","href":"https:\/\/api.w.org\/{rel}","templated":true}]}}