{"id":2527,"date":"2023-10-16T10:45:25","date_gmt":"2023-10-16T10:45:25","guid":{"rendered":"https:\/\/casinowire.io\/tietoa-meista\/"},"modified":"2023-10-16T11:03:02","modified_gmt":"2023-10-16T11:03:02","slug":"tietoa-meista","status":"publish","type":"page","link":"https:\/\/casinowire.io\/fi\/tietoa-meista\/","title":{"rendered":"Tietoa meist\u00e4"},"content":{"rendered":"\n<p>Tervetuloa CasinoWire.io-sivustolle, joka on luotettava l\u00e4hde kaikelle, mik\u00e4 liittyy nettikasinoiden elinvoimaiseen ja jatkuvasti kehittyv\u00e4\u00e4n maailmaan. Olemme perustaneet intohimoisesti pelaamiseen ja sitoutuneet huippuosaamiseen, ja tavoitteenamme on olla ehdoton keskus kaikentasoisille kasinoharrastajille uteliaista aloittelijoista kokeneisiin suurten rullien pelaajiin.<\/p>\n\n<h3 class=\"wp-block-heading\"><strong>Alkuper\u00e4tarinamme<\/strong><\/h3>\n\n<p>CasinoWire.io syntyi rakkaudesta j\u00e4nnitykseen ja j\u00e4nnitykseen, jota vain uhkapeli voi tarjota, ja se luotiin t\u00e4ytt\u00e4m\u00e4\u00e4n markkinoiden aukko: tarjoamaan luotettavaa, ajantasaista ja puolueetonta tietoa online-kasinoalasta. Koska p\u00e4ivitt\u00e4in syntyy lukemattomia alustoja ja s\u00e4\u00e4d\u00f6kset kehittyv\u00e4t jatkuvasti, tajusimme, ett\u00e4 tarvitsemme luotettavan l\u00e4hteen, johon pelaajat voivat k\u00e4\u00e4nty\u00e4.<\/p>\n\n<h3 class=\"wp-block-heading\"><strong>Mit\u00e4 me tarjoamme<\/strong><\/h3>\n\n<p>CasinoWire.io:n tarjonta on laaja ja kattaa kaikki kasinomatkan osa-alueet:<\/p>\n\n<ul class=\"wp-block-list\">\n<li><strong>Oivaltavia arvosteluja:<\/strong> Asiantuntijatiimimme arvioi nettikasinot huolellisesti ja tarjoaa kattavan n\u00e4kemyksen, joka auttaa sinua tekem\u00e4\u00e4n tietoon perustuvia valintoja.<\/li>\n\n\n\n<li><strong>Pelioppaat:<\/strong> Perusteelliset oppaamme ter\u00e4v\u00f6itt\u00e4v\u00e4t taitojasi ja syvent\u00e4v\u00e4t ymm\u00e4rryst\u00e4si, olipa kyse kolikkopeleist\u00e4, pokerista, blackjackista tai ruletista.<\/li>\n\n\n\n<li><strong>Uusimmat uutiset:<\/strong> Pysy ajan tasalla iGaming-maailman viimeisimm\u00e4st\u00e4 kehityksest\u00e4, pelijulkaisuista ja s\u00e4\u00e4ntelymuutoksista.<\/li>\n\n\n\n<li><strong>Bonus- ja kampanjah\u00e4lytykset:<\/strong> Saat ensik\u00e4den tietoa huippukasinoiden tarjoamista kannattavimmista tarjouksista ja kampanjoista.<\/li>\n<\/ul>\n\n<h3 class=\"wp-block-heading\"><strong>Lupauksemme<\/strong><\/h3>\n\n<p>Tarkkuus, eheys ja avoimuus ovat CasinoWire.io:n kulmakivi\u00e4. Jokainen tieto, jokainen arvostelu ja jokainen suositus on huolellisesti kuratoitu ja perusteellisesti tutkittu. Asetamme k\u00e4ytt\u00e4j\u00e4mme etusijalle ja varmistamme, ett\u00e4 sis\u00e4lt\u00f6mme ei ainoastaan informoi vaan my\u00f6s antaa mahdollisuuksia.<\/p>\n\n<h3 class=\"wp-block-heading\"><strong>Vastuullisen pelaamisen edist\u00e4minen<\/strong><\/h3>\n\n<p>Vastuullisen pelaamisen puolestapuhujina olemme sitoutuneet edist\u00e4m\u00e4\u00e4n turvallista ja vastuullista k\u00e4ytt\u00e4ytymist\u00e4. Koulutussis\u00e4ll\u00f6n ja resurssien avulla pyrimme varmistamaan, ett\u00e4 lukijamme pelaavat omien rajojensa sis\u00e4ll\u00e4 ja nauttivat pelaamisesta hauskana aktiviteettina.<\/p>\n\n<h3 class=\"wp-block-heading\"><strong>Liity meihin<\/strong><\/h3>\n\n<p>Jatkamme kasvuamme ja kehityst\u00e4mme, ja kutsumme sinut mukaan matkaamme. Ota yhteytt\u00e4 meihin, jaa palautteesi ja juhlitaan yhdess\u00e4 nettikasinoiden maailmaa.<\/p>\n","protected":false},"excerpt":{"rendered":"<p>Tervetuloa CasinoWire.io-sivustolle, joka on luotettava l\u00e4hde kaikelle, mik\u00e4 liittyy nettikasinoiden elinvoimaiseen ja jatkuvasti kehittyv\u00e4\u00e4n maailmaan. Olemme perustaneet intohimoisesti pelaamiseen ja sitoutuneet huippuosaamiseen, ja tavoitteenamme on olla ehdoton keskus kaikentasoisille kasinoharrastajille uteliaista aloittelijoista kokeneisiin suurten rullien pelaajiin. Alkuper\u00e4tarinamme CasinoWire.io syntyi rakkaudesta j\u00e4nnitykseen ja j\u00e4nnitykseen, jota vain uhkapeli voi tarjota, ja se luotiin t\u00e4ytt\u00e4m\u00e4\u00e4n markkinoiden aukko: tarjoamaan [&hellip;]<\/p>\n","protected":false},"author":1,"featured_media":0,"parent":0,"menu_order":0,"comment_status":"closed","ping_status":"closed","template":"","meta":{"content-type":"","footnotes":""},"class_list":["post-2527","page","type-page","status-publish"],"yoast_head":"<!-- This site is optimized with the Yoast SEO plugin v23.0 - https:\/\/yoast.com\/wordpress\/plugins\/seo\/ -->\n<title>Tietoa meist\u00e4 - CasinoWire.io<\/title>\n<meta name=\"robots\" content=\"index, follow, max-snippet:-1, max-image-preview:large, max-video-preview:-1\" \/>\n<link rel=\"canonical\" href=\"https:\/\/casinowire.io\/fi\/tietoa-meista\/\" \/>\n<meta property=\"og:locale\" content=\"fi_FI\" \/>\n<meta property=\"og:type\" content=\"article\" \/>\n<meta property=\"og:title\" content=\"Tietoa meist\u00e4 - CasinoWire.io\" \/>\n<meta property=\"og:description\" content=\"Tervetuloa CasinoWire.io-sivustolle, joka on luotettava l\u00e4hde kaikelle, mik\u00e4 liittyy nettikasinoiden elinvoimaiseen ja jatkuvasti kehittyv\u00e4\u00e4n maailmaan. Olemme perustaneet intohimoisesti pelaamiseen ja sitoutuneet huippuosaamiseen, ja tavoitteenamme on olla ehdoton keskus kaikentasoisille kasinoharrastajille uteliaista aloittelijoista kokeneisiin suurten rullien pelaajiin. Alkuper\u00e4tarinamme CasinoWire.io syntyi rakkaudesta j\u00e4nnitykseen ja j\u00e4nnitykseen, jota vain uhkapeli voi tarjota, ja se luotiin t\u00e4ytt\u00e4m\u00e4\u00e4n markkinoiden aukko: tarjoamaan [&hellip;]\" \/>\n<meta property=\"og:url\" content=\"https:\/\/casinowire.io\/fi\/tietoa-meista\/\" \/>\n<meta property=\"og:site_name\" content=\"CasinoWire.io\" \/>\n<meta property=\"article:modified_time\" content=\"2023-10-16T11:03:02+00:00\" \/>\n<meta name=\"twitter:card\" content=\"summary_large_image\" \/>\n<meta name=\"twitter:label1\" content=\"Arvioitu lukuaika\" \/>\n\t<meta name=\"twitter:data1\" content=\"1 minuutti\" \/>\n<script type=\"application\/ld+json\" class=\"yoast-schema-graph\">{\"@context\":\"https:\/\/schema.org\",\"@graph\":[{\"@type\":\"WebPage\",\"@id\":\"https:\/\/casinowire.io\/fi\/tietoa-meista\/\",\"url\":\"https:\/\/casinowire.io\/fi\/tietoa-meista\/\",\"name\":\"Tietoa meist\u00e4 - CasinoWire.io\",\"isPartOf\":{\"@id\":\"https:\/\/casinowire.io\/#website\"},\"datePublished\":\"2023-10-16T10:45:25+00:00\",\"dateModified\":\"2023-10-16T11:03:02+00:00\",\"breadcrumb\":{\"@id\":\"https:\/\/casinowire.io\/fi\/tietoa-meista\/#breadcrumb\"},\"inLanguage\":\"fi\",\"potentialAction\":[{\"@type\":\"ReadAction\",\"target\":[\"https:\/\/casinowire.io\/fi\/tietoa-meista\/\"]}]},{\"@type\":\"BreadcrumbList\",\"@id\":\"https:\/\/casinowire.io\/fi\/tietoa-meista\/#breadcrumb\",\"itemListElement\":[{\"@type\":\"ListItem\",\"position\":1,\"name\":\"Home\",\"item\":\"https:\/\/casinowire.io\/fi\/\"},{\"@type\":\"ListItem\",\"position\":2,\"name\":\"Tietoa meist\u00e4\"}]},{\"@type\":\"WebSite\",\"@id\":\"https:\/\/casinowire.io\/#website\",\"url\":\"https:\/\/casinowire.io\/\",\"name\":\"CasinoWire.io\",\"description\":\"\",\"potentialAction\":[{\"@type\":\"SearchAction\",\"target\":{\"@type\":\"EntryPoint\",\"urlTemplate\":\"https:\/\/casinowire.io\/?s={search_term_string}\"},\"query-input\":\"required name=search_term_string\"}],\"inLanguage\":\"fi\"}]}<\/script>\n<!-- \/ Yoast SEO plugin. -->","yoast_head_json":{"title":"Tietoa meist\u00e4 - CasinoWire.io","robots":{"index":"index","follow":"follow","max-snippet":"max-snippet:-1","max-image-preview":"max-image-preview:large","max-video-preview":"max-video-preview:-1"},"canonical":"https:\/\/casinowire.io\/fi\/tietoa-meista\/","og_locale":"fi_FI","og_type":"article","og_title":"Tietoa meist\u00e4 - CasinoWire.io","og_description":"Tervetuloa CasinoWire.io-sivustolle, joka on luotettava l\u00e4hde kaikelle, mik\u00e4 liittyy nettikasinoiden elinvoimaiseen ja jatkuvasti kehittyv\u00e4\u00e4n maailmaan. Olemme perustaneet intohimoisesti pelaamiseen ja sitoutuneet huippuosaamiseen, ja tavoitteenamme on olla ehdoton keskus kaikentasoisille kasinoharrastajille uteliaista aloittelijoista kokeneisiin suurten rullien pelaajiin. Alkuper\u00e4tarinamme CasinoWire.io syntyi rakkaudesta j\u00e4nnitykseen ja j\u00e4nnitykseen, jota vain uhkapeli voi tarjota, ja se luotiin t\u00e4ytt\u00e4m\u00e4\u00e4n markkinoiden aukko: tarjoamaan [&hellip;]","og_url":"https:\/\/casinowire.io\/fi\/tietoa-meista\/","og_site_name":"CasinoWire.io","article_modified_time":"2023-10-16T11:03:02+00:00","twitter_card":"summary_large_image","twitter_misc":{"Arvioitu lukuaika":"1 minuutti"},"schema":{"@context":"https:\/\/schema.org","@graph":[{"@type":"WebPage","@id":"https:\/\/casinowire.io\/fi\/tietoa-meista\/","url":"https:\/\/casinowire.io\/fi\/tietoa-meista\/","name":"Tietoa meist\u00e4 - CasinoWire.io","isPartOf":{"@id":"https:\/\/casinowire.io\/#website"},"datePublished":"2023-10-16T10:45:25+00:00","dateModified":"2023-10-16T11:03:02+00:00","breadcrumb":{"@id":"https:\/\/casinowire.io\/fi\/tietoa-meista\/#breadcrumb"},"inLanguage":"fi","potentialAction":[{"@type":"ReadAction","target":["https:\/\/casinowire.io\/fi\/tietoa-meista\/"]}]},{"@type":"BreadcrumbList","@id":"https:\/\/casinowire.io\/fi\/tietoa-meista\/#breadcrumb","itemListElement":[{"@type":"ListItem","position":1,"name":"Home","item":"https:\/\/casinowire.io\/fi\/"},{"@type":"ListItem","position":2,"name":"Tietoa meist\u00e4"}]},{"@type":"WebSite","@id":"https:\/\/casinowire.io\/#website","url":"https:\/\/casinowire.io\/","name":"CasinoWire.io","description":"","potentialAction":[{"@type":"SearchAction","target":{"@type":"EntryPoint","urlTemplate":"https:\/\/casinowire.io\/?s={search_term_string}"},"query-input":"required name=search_term_string"}],"inLanguage":"fi"}]}},"_links":{"self":[{"href":"https:\/\/casinowire.io\/fi\/wp-json\/wp\/v2\/pages\/2527","targetHints":{"allow":["GET"]}}],"collection":[{"href":"https:\/\/casinowire.io\/fi\/wp-json\/wp\/v2\/pages"}],"about":[{"href":"https:\/\/casinowire.io\/fi\/wp-json\/wp\/v2\/types\/page"}],"author":[{"embeddable":true,"href":"https:\/\/casinowire.io\/fi\/wp-json\/wp\/v2\/users\/1"}],"replies":[{"embeddable":true,"href":"https:\/\/casinowire.io\/fi\/wp-json\/wp\/v2\/comments?post=2527"}],"version-history":[{"count":1,"href":"https:\/\/casinowire.io\/fi\/wp-json\/wp\/v2\/pages\/2527\/revisions"}],"predecessor-version":[{"id":2536,"href":"https:\/\/casinowire.io\/fi\/wp-json\/wp\/v2\/pages\/2527\/revisions\/2536"}],"wp:attachment":[{"href":"https:\/\/casinowire.io\/fi\/wp-json\/wp\/v2\/media?parent=2527"}],"curies":[{"name":"wp","href":"https:\/\/api.w.org\/{rel}","templated":true}]}}