{"id":2522,"date":"2023-10-16T10:45:58","date_gmt":"2023-10-16T10:45:58","guid":{"rendered":"https:\/\/casinowire.io\/retningslinjer-for-personvern-og-informasjonskapsler\/"},"modified":"2023-10-16T11:03:00","modified_gmt":"2023-10-16T11:03:00","slug":"retningslinjer-for-personvern-og-informasjonskapsler","status":"publish","type":"page","link":"https:\/\/casinowire.io\/no\/retningslinjer-for-personvern-og-informasjonskapsler\/","title":{"rendered":"Retningslinjer for personvern og informasjonskapsler"},"content":{"rendered":"\n<p>Hos CasinoWire.io respekterer vi dypt personvernet til brukerne v\u00e5re. V\u00e5re retningslinjer for personvern og informasjonskapsler beskriver typene personlig informasjon vi samler inn, hvorfor vi samler den inn og hvordan vi bruker den. Ved \u00e5 g\u00e5 inn p\u00e5 nettstedet v\u00e5rt og bruke tjenestene v\u00e5re, bekrefter du at du erkjenner og samtykker til denne policyen.<\/p>\n\n<h3 class=\"wp-block-heading\"><strong>Informasjonsinnsamling og bruk<\/strong><\/h3>\n\n<ul class=\"wp-block-list\">\n<li><strong>Automatisk innsamlede data:<\/strong> N\u00e5r du bes\u00f8ker CasinoWire.io, samles visse data som din IP-adresse, nettlesertype, operativsystem og sidene du bes\u00f8ker inn for \u00e5 forbedre brukeropplevelsen din og sikre nettsidens jevne funksjonalitet.<\/li>\n\n\n\n<li><strong>Brukerlevert data:<\/strong> Hvis du deltar i spesifikke aktiviteter p\u00e5 nettstedet v\u00e5rt, for eksempel \u00e5 abonnere p\u00e5 et nyhetsbrev eller legge igjen en kommentar, kan du bli bedt om \u00e5 oppgi personlige opplysninger som navn, e-postadresse osv. Denne informasjonen blir aldri delt eller solgt til tredjeparter.<\/li>\n<\/ul>\n\n<h3 class=\"wp-block-heading\"><strong>Informasjonskapsler<\/strong><\/h3>\n\n<ul class=\"wp-block-list\">\n<li><strong>Hva er informasjonskapsler?<\/strong>  Informasjonskapsler er sm\u00e5 datafiler plassert p\u00e5 enheten din av nettsteder du bes\u00f8ker. De hjelper nettstedet med \u00e5 huske informasjon om bes\u00f8ket ditt, som foretrukket spr\u00e5k og andre innstillinger.<\/li>\n\n\n\n<li><strong>Hvordan vi bruker informasjonskapsler:<\/strong> Vi bruker informasjonskapsler for \u00e5 forst\u00e5 brukeratferd, forbedre nettstedet v\u00e5rt og gi personlig tilpasset innhold og annonser basert p\u00e5 nettleserloggen din.<\/li>\n\n\n\n<li><strong>Administrere informasjonskapsler:<\/strong> Du har muligheten til \u00e5 godta, avsl\u00e5 eller bli varslet n\u00e5r et nettsted setter en informasjonskapsel ved \u00e5 justere nettleserinnstillingene.<\/li>\n<\/ul>\n\n<h3 class=\"wp-block-heading\"><strong>Tredjepartskoblinger og tjenester<\/strong><\/h3>\n\n<p>V\u00e5r nettside kan inneholde lenker til tredjeparts nettsteder. Hvis du velger \u00e5 bes\u00f8ke disse sidene, anbefaler vi at du gjennomg\u00e5r personvernreglene deres, siden vi ikke kontrollerer handlingene deres.<\/p>\n\n<h3 class=\"wp-block-heading\"><strong>Sikkerhet<\/strong><\/h3>\n\n<p>\u00c5 sikre konfidensialitet og sikkerhet for din personlige informasjon er v\u00e5r h\u00f8yeste prioritet. Vi vedtar ulike sikkerhetstiltak for \u00e5 beskytte dataene dine, inkludert sikre servere, brannmurer og kryptering av \u00f8konomiske data.<\/p>\n\n<h3 class=\"wp-block-heading\"><strong>Barns personvern<\/strong><\/h3>\n\n<p>CasinoWire.io er ikke beregnet p\u00e5 personer under 18 \u00e5r. Vi samler ikke bevisst inn eller ber om personlig informasjon fra noen under 18 \u00e5r eller tillater bevisst slike personer \u00e5 registrere seg. Hvis vi f\u00e5r vite at vi har samlet inn personlig informasjon fra et barn under 18 \u00e5r uten bekreftelse av foreldrenes samtykke, vil vi slette denne informasjonen umiddelbart.<\/p>\n\n<h3 class=\"wp-block-heading\"><strong>Oppdateringer til denne policyen<\/strong><\/h3>\n\n<p>Fra tid til annen kan vi oppdatere v\u00e5re retningslinjer for personvern og informasjonskapsler. Eventuelle endringer som gj\u00f8res vil bli reflektert p\u00e5 denne siden, og hvis det er vesentlig, vil vi gi en mer fremtredende melding.<\/p>\n\n<h3 class=\"wp-block-heading\"><strong>Kontakt oss<\/strong><\/h3>\n\n<p>Hvis du har sp\u00f8rsm\u00e5l eller bekymringer ang\u00e5ende denne policyen eller v\u00e5r h\u00e5ndtering av dine personopplysninger, vennligst kontakt oss via v\u00e5r nettsides dedikerte kontaktseksjon.<\/p>\n","protected":false},"excerpt":{"rendered":"<p>Hos CasinoWire.io respekterer vi dypt personvernet til brukerne v\u00e5re. V\u00e5re retningslinjer for personvern og informasjonskapsler beskriver typene personlig informasjon vi samler inn, hvorfor vi samler den inn og hvordan vi bruker den. Ved \u00e5 g\u00e5 inn p\u00e5 nettstedet v\u00e5rt og bruke tjenestene v\u00e5re, bekrefter du at du erkjenner og samtykker til denne policyen. Informasjonsinnsamling og [&hellip;]<\/p>\n","protected":false},"author":1,"featured_media":0,"parent":0,"menu_order":0,"comment_status":"closed","ping_status":"closed","template":"","meta":{"content-type":"","footnotes":""},"class_list":["post-2522","page","type-page","status-publish"],"yoast_head":"<!-- This site is optimized with the Yoast SEO plugin v23.0 - https:\/\/yoast.com\/wordpress\/plugins\/seo\/ -->\n<title>Retningslinjer for personvern og informasjonskapsler - CasinoWire.io<\/title>\n<meta name=\"robots\" content=\"index, follow, max-snippet:-1, max-image-preview:large, max-video-preview:-1\" \/>\n<link rel=\"canonical\" href=\"https:\/\/casinowire.io\/no\/retningslinjer-for-personvern-og-informasjonskapsler\/\" \/>\n<meta property=\"og:locale\" content=\"nb_NO\" \/>\n<meta property=\"og:type\" content=\"article\" \/>\n<meta property=\"og:title\" content=\"Retningslinjer for personvern og informasjonskapsler - CasinoWire.io\" \/>\n<meta property=\"og:description\" content=\"Hos CasinoWire.io respekterer vi dypt personvernet til brukerne v\u00e5re. V\u00e5re retningslinjer for personvern og informasjonskapsler beskriver typene personlig informasjon vi samler inn, hvorfor vi samler den inn og hvordan vi bruker den. Ved \u00e5 g\u00e5 inn p\u00e5 nettstedet v\u00e5rt og bruke tjenestene v\u00e5re, bekrefter du at du erkjenner og samtykker til denne policyen. Informasjonsinnsamling og [&hellip;]\" \/>\n<meta property=\"og:url\" content=\"https:\/\/casinowire.io\/no\/retningslinjer-for-personvern-og-informasjonskapsler\/\" \/>\n<meta property=\"og:site_name\" content=\"CasinoWire.io\" \/>\n<meta property=\"article:modified_time\" content=\"2023-10-16T11:03:00+00:00\" \/>\n<meta name=\"twitter:card\" content=\"summary_large_image\" \/>\n<meta name=\"twitter:label1\" content=\"Ansl. lesetid\" \/>\n\t<meta name=\"twitter:data1\" content=\"2 minutter\" \/>\n<script type=\"application\/ld+json\" class=\"yoast-schema-graph\">{\"@context\":\"https:\/\/schema.org\",\"@graph\":[{\"@type\":\"WebPage\",\"@id\":\"https:\/\/casinowire.io\/no\/retningslinjer-for-personvern-og-informasjonskapsler\/\",\"url\":\"https:\/\/casinowire.io\/no\/retningslinjer-for-personvern-og-informasjonskapsler\/\",\"name\":\"Retningslinjer for personvern og informasjonskapsler - CasinoWire.io\",\"isPartOf\":{\"@id\":\"https:\/\/casinowire.io\/#website\"},\"datePublished\":\"2023-10-16T10:45:58+00:00\",\"dateModified\":\"2023-10-16T11:03:00+00:00\",\"breadcrumb\":{\"@id\":\"https:\/\/casinowire.io\/no\/retningslinjer-for-personvern-og-informasjonskapsler\/#breadcrumb\"},\"inLanguage\":\"nb-NO\",\"potentialAction\":[{\"@type\":\"ReadAction\",\"target\":[\"https:\/\/casinowire.io\/no\/retningslinjer-for-personvern-og-informasjonskapsler\/\"]}]},{\"@type\":\"BreadcrumbList\",\"@id\":\"https:\/\/casinowire.io\/no\/retningslinjer-for-personvern-og-informasjonskapsler\/#breadcrumb\",\"itemListElement\":[{\"@type\":\"ListItem\",\"position\":1,\"name\":\"Home\",\"item\":\"https:\/\/casinowire.io\/no\/\"},{\"@type\":\"ListItem\",\"position\":2,\"name\":\"Retningslinjer for personvern og informasjonskapsler\"}]},{\"@type\":\"WebSite\",\"@id\":\"https:\/\/casinowire.io\/#website\",\"url\":\"https:\/\/casinowire.io\/\",\"name\":\"CasinoWire.io\",\"description\":\"\",\"potentialAction\":[{\"@type\":\"SearchAction\",\"target\":{\"@type\":\"EntryPoint\",\"urlTemplate\":\"https:\/\/casinowire.io\/?s={search_term_string}\"},\"query-input\":\"required name=search_term_string\"}],\"inLanguage\":\"nb-NO\"}]}<\/script>\n<!-- \/ Yoast SEO plugin. -->","yoast_head_json":{"title":"Retningslinjer for personvern og informasjonskapsler - CasinoWire.io","robots":{"index":"index","follow":"follow","max-snippet":"max-snippet:-1","max-image-preview":"max-image-preview:large","max-video-preview":"max-video-preview:-1"},"canonical":"https:\/\/casinowire.io\/no\/retningslinjer-for-personvern-og-informasjonskapsler\/","og_locale":"nb_NO","og_type":"article","og_title":"Retningslinjer for personvern og informasjonskapsler - CasinoWire.io","og_description":"Hos CasinoWire.io respekterer vi dypt personvernet til brukerne v\u00e5re. V\u00e5re retningslinjer for personvern og informasjonskapsler beskriver typene personlig informasjon vi samler inn, hvorfor vi samler den inn og hvordan vi bruker den. Ved \u00e5 g\u00e5 inn p\u00e5 nettstedet v\u00e5rt og bruke tjenestene v\u00e5re, bekrefter du at du erkjenner og samtykker til denne policyen. Informasjonsinnsamling og [&hellip;]","og_url":"https:\/\/casinowire.io\/no\/retningslinjer-for-personvern-og-informasjonskapsler\/","og_site_name":"CasinoWire.io","article_modified_time":"2023-10-16T11:03:00+00:00","twitter_card":"summary_large_image","twitter_misc":{"Ansl. lesetid":"2 minutter"},"schema":{"@context":"https:\/\/schema.org","@graph":[{"@type":"WebPage","@id":"https:\/\/casinowire.io\/no\/retningslinjer-for-personvern-og-informasjonskapsler\/","url":"https:\/\/casinowire.io\/no\/retningslinjer-for-personvern-og-informasjonskapsler\/","name":"Retningslinjer for personvern og informasjonskapsler - CasinoWire.io","isPartOf":{"@id":"https:\/\/casinowire.io\/#website"},"datePublished":"2023-10-16T10:45:58+00:00","dateModified":"2023-10-16T11:03:00+00:00","breadcrumb":{"@id":"https:\/\/casinowire.io\/no\/retningslinjer-for-personvern-og-informasjonskapsler\/#breadcrumb"},"inLanguage":"nb-NO","potentialAction":[{"@type":"ReadAction","target":["https:\/\/casinowire.io\/no\/retningslinjer-for-personvern-og-informasjonskapsler\/"]}]},{"@type":"BreadcrumbList","@id":"https:\/\/casinowire.io\/no\/retningslinjer-for-personvern-og-informasjonskapsler\/#breadcrumb","itemListElement":[{"@type":"ListItem","position":1,"name":"Home","item":"https:\/\/casinowire.io\/no\/"},{"@type":"ListItem","position":2,"name":"Retningslinjer for personvern og informasjonskapsler"}]},{"@type":"WebSite","@id":"https:\/\/casinowire.io\/#website","url":"https:\/\/casinowire.io\/","name":"CasinoWire.io","description":"","potentialAction":[{"@type":"SearchAction","target":{"@type":"EntryPoint","urlTemplate":"https:\/\/casinowire.io\/?s={search_term_string}"},"query-input":"required name=search_term_string"}],"inLanguage":"nb-NO"}]}},"_links":{"self":[{"href":"https:\/\/casinowire.io\/no\/wp-json\/wp\/v2\/pages\/2522","targetHints":{"allow":["GET"]}}],"collection":[{"href":"https:\/\/casinowire.io\/no\/wp-json\/wp\/v2\/pages"}],"about":[{"href":"https:\/\/casinowire.io\/no\/wp-json\/wp\/v2\/types\/page"}],"author":[{"embeddable":true,"href":"https:\/\/casinowire.io\/no\/wp-json\/wp\/v2\/users\/1"}],"replies":[{"embeddable":true,"href":"https:\/\/casinowire.io\/no\/wp-json\/wp\/v2\/comments?post=2522"}],"version-history":[{"count":1,"href":"https:\/\/casinowire.io\/no\/wp-json\/wp\/v2\/pages\/2522\/revisions"}],"predecessor-version":[{"id":2534,"href":"https:\/\/casinowire.io\/no\/wp-json\/wp\/v2\/pages\/2522\/revisions\/2534"}],"wp:attachment":[{"href":"https:\/\/casinowire.io\/no\/wp-json\/wp\/v2\/media?parent=2522"}],"curies":[{"name":"wp","href":"https:\/\/api.w.org\/{rel}","templated":true}]}}